{"id":1050,"date":"2020-03-25T11:13:38","date_gmt":"2020-03-25T11:13:38","guid":{"rendered":"http:\/\/grundschule-neisseweg.de\/?page_id=1050"},"modified":"2025-03-17T13:08:33","modified_gmt":"2025-03-17T13:08:33","slug":"eltern","status":"publish","type":"page","link":"http:\/\/grundschule-neisseweg.de\/?page_id=1050","title":{"rendered":"Schulpost"},"content":{"rendered":"\n<p><strong>Liebe Eltern!<\/strong><\/p>\n<p><strong>Auf dieser Seite finden Sie aktuelle Informationen und Elternbriefe!<\/strong>\u00a0 \u00a0<\/p>\n<p>17.3.2025: <a href=\"http:\/\/grundschule-neisseweg.de\/wp-content\/uploads\/2025\/03\/homepage-Liesmit.pdf\">Lies mit!<\/a><\/p>\n<p>8.1.2025: <a href=\"http:\/\/grundschule-neisseweg.de\/wp-content\/uploads\/2025\/01\/winterdisco-einladung-eltern.pdf\">Winterdisco\u00a0<\/a><\/p>\n<p>16.12.2024: <a href=\"http:\/\/grundschule-neisseweg.de\/wp-content\/uploads\/2025\/01\/quartalsbrief-16.12.24-1.pdf\">2.Quartalsbrief<\/a><\/p>\n<p>29.11.2024: <a href=\"http:\/\/grundschule-neisseweg.de\/wp-content\/uploads\/2024\/11\/Unsere-Wiedergutmachungen.pdf\">Wiedergutmachung<\/a><\/p>\n<p>29.11.2024:<a href=\"http:\/\/grundschule-neisseweg.de\/wp-content\/uploads\/2024\/11\/20241006_Baum.pdf\"> Unsere Schulregeln<\/a><\/p>\n<p>06.11.2024: <a href=\"http:\/\/grundschule-neisseweg.de\/wp-content\/uploads\/2024\/11\/Ideensammlung-Konzeptpapier-Nov-24.pdf\">Konzeptpapier<\/a><\/p>\n<p>31.10.2024: <a href=\"http:\/\/grundschule-neisseweg.de\/wp-content\/uploads\/2024\/11\/doc05018220241030133252.pdf\">P\u00e4ckchenaktion<\/a><\/p>\n<p>10.09.2024: <a href=\"http:\/\/grundschule-neisseweg.de\/wp-content\/uploads\/2024\/09\/Schulverein-Mitgliederversammlung.pdf\">Einladung Mitgliederversammlung Schulverein<\/a><\/p>\n<p>28.06.2024: <a href=\"http:\/\/grundschule-neisseweg.de\/wp-content\/uploads\/2024\/07\/quartalsbrief-4-28.6.24.docx\">Quartalsbrief<\/a><\/p>\n<p>21.03.2024: <a href=\"http:\/\/grundschule-neisseweg.de\/wp-content\/uploads\/2024\/04\/Menschenkicker.pdf\">Menschenkicker<\/a><\/p>\n<p>05.03.2024: <a href=\"http:\/\/grundschule-neisseweg.de\/wp-content\/uploads\/2024\/04\/informationsschreiben-an-und-umbau-grundschule-neisseweg.pdf\">Informationen Neubau<\/a><\/p>\n<p>20.12.2023: <a href=\"http:\/\/grundschule-neisseweg.de\/wp-content\/uploads\/2023\/12\/quartalsbrief-2-18.12.23.docx\">Quartalsbrief<\/a><\/p>\n<p>14.08.2023: <a href=\"http:\/\/grundschule-neisseweg.de\/wp-content\/uploads\/2023\/08\/1.-elternbrief.docx\">1.Elternbrief<\/a><\/p>\n<p>16.06.2023: <a href=\"http:\/\/grundschule-neisseweg.de\/wp-content\/uploads\/2023\/06\/Schulverein-Newsletter-06.2023.pdf\">Newsletter Schulverein<\/a><\/p>\n<p>14.06.2023: <a href=\"http:\/\/grundschule-neisseweg.de\/wp-content\/uploads\/2023\/06\/Quartalsbrief-4-14.6.23.docx\">Quartalsbrief<\/a><\/p>\n<p>14.06.2023: <a href=\"http:\/\/grundschule-neisseweg.de\/wp-content\/uploads\/2023\/06\/Elternbrief-LiesMit.docx\">Lies mit<\/a><\/p>\n<p>20.04.2023: <a href=\"http:\/\/grundschule-neisseweg.de\/wp-content\/uploads\/2023\/04\/Elternbrief-Projektwoche.pdf\">Projektwoche<\/a><\/p>\n<p>19.04.2023: <a href=\"http:\/\/grundschule-neisseweg.de\/wp-content\/uploads\/2023\/04\/Elternbrief-Kopiergeld-Projektwoche-2023-04-19.doc\">Kopiergeld<\/a><\/p>\n<p>31.03.2023: <a href=\"http:\/\/grundschule-neisseweg.de\/wp-content\/uploads\/2023\/03\/Quartalsbrief-3-31.3.23.docx\">Quartalsbrief<\/a><\/p>\n<p>14.02.2023: <a href=\"http:\/\/grundschule-neisseweg.de\/wp-content\/uploads\/2023\/02\/Jungschar-Nord-Infozettel-weltreise.docx\">Kindertreff in der Kirche<\/a><\/p>\n<p>06.02.2023: <a href=\"http:\/\/grundschule-neisseweg.de\/wp-content\/uploads\/2023\/02\/Elternbrief-Karneval.docx\">Karneval<\/a>\u00a0<\/p>\n<p>20.01.2023: <a href=\"http:\/\/grundschule-neisseweg.de\/wp-content\/uploads\/2023\/01\/Elternbrief-20.1.23.docx\">Filmdreh<\/a>\u00a0<\/p>\n<p>21.12.2022: <a href=\"http:\/\/grundschule-neisseweg.de\/wp-content\/uploads\/2022\/12\/handlungskonzept-corona_mit_markierung_221219.pdf\">Handlungskonzept Corona, Ministerium f\u00fcr Schule und Bildung NRW<\/a><\/p>\n<p>16.12.2022: <a href=\"http:\/\/grundschule-neisseweg.de\/wp-content\/uploads\/2022\/12\/Quartalsbrief-2-15.12.22.docx\">Quartalsbrief 2<\/a><\/p>\n<p>07.12.2022: <a href=\"http:\/\/grundschule-neisseweg.de\/wp-content\/uploads\/2022\/12\/Sternsinger-2023.docx\">Sternsinger 2023<\/a><\/p>\n<p>05.12.2022: OGS-Padlet:\u00a0<em> https:\/\/padlet.com\/OGSNeisseweg\/2022<\/em><\/p>\n<p>01.12.2022: <a href=\"http:\/\/grundschule-neisseweg.de\/wp-content\/uploads\/2022\/12\/Elternbrief-Kopiergeld-Weihnachtsgottesdienst-2022-12-01.doc\">Kopiergeld<\/a><\/p>\n<p>26.10.2022: <a href=\"http:\/\/grundschule-neisseweg.de\/wp-content\/uploads\/2022\/10\/Notfallplan-Okt-22.docx\">Notfallplan<\/a><\/p>\n<p>29.09.2022: <a href=\"http:\/\/grundschule-neisseweg.de\/wp-content\/uploads\/2022\/09\/Quartalsbrief-1-22-23.docx\">1.Quartalsbrief<\/a><\/p>\n<p>19.09.2022: <a href=\"http:\/\/grundschule-neisseweg.de\/wp-content\/uploads\/2022\/09\/Brief_Aktion-Kuschltiertag_.pdf\">Kuscheltiertag<\/a><\/p>\n<p>14.09.2022: <a href=\"http:\/\/grundschule-neisseweg.de\/wp-content\/uploads\/2022\/09\/doc02301620220914081927.pdf\">smart watch<\/a><\/p>\n<p>08.09.2022: <a href=\"http:\/\/grundschule-neisseweg.de\/wp-content\/uploads\/2022\/09\/Einladung-zur-Mitgliederversammlung_Eltern_2022.odt\">Schulverein<\/a><\/p>\n<p>20.08.2022: <a href=\"http:\/\/grundschule-neisseweg.de\/wp-content\/uploads\/2022\/09\/doc02168320220822103714.pdf\">Elternbrief<\/a><\/p>\n<p>10.08.2022: <a href=\"http:\/\/grundschule-neisseweg.de\/wp-content\/uploads\/2022\/07\/Brief-der-Ministerin-an-die-Eltern_Erziehungsberechtigten-aller-SuS-zu-Corona-Ma\u00dfnahmen-ab-10.08.2022.pdf\">Brief der Ministerin<\/a> (Infektionsschutz)<\/p>\n<p>24.06.2022: <a href=\"http:\/\/grundschule-neisseweg.de\/wp-content\/uploads\/2022\/06\/Quartalsbrief-4-22.docx\">Quartalsbrief<\/a><\/p>\n<p>\u00a0<\/p>\n<p><strong>Corona-Hygienekozept:<\/strong><\/p>\n<ol>\n<li><strong> Mund-Nasen-Schutz<\/strong><\/li>\n<\/ol>\n<p>Das Tragen eines Mund-Nasen-Schutzes ist im gesamten Schulgeb\u00e4ude und Schulgel\u00e4nde freiwillig. Wir empfehlen dies jedoch sowohl f\u00fcr Kinder als auch Erwachsene.<\/p>\n<p><strong>\u00a0 \u00a0 \u00a02. Erkrankung Ihres Kindes <br \/><\/strong><\/p>\n<p>Zeigt ein Kind Symptome wie trockenen Husten, Fieber etc. sind wir verpflichtet, sofort Kontakt zu den Eltern aufzunehmen, die dann ihr Kind im Interesse aller schnellstm\u00f6glich abholen m\u00fcssen. Um Infektionen m\u00f6glichst schnell entdecken zu k\u00f6nnen, ist es hilfreich, wenn m\u00f6glichst viele Familien die Corona-App nutzen. Bitte informieren Sie uns im Verdachtsfall bitte unverz\u00fcglich, um eine Ausbreitung der Infektion zu vermeiden.<\/p>\n<p>\u00a0 \u00a0 3. <strong>L\u00fcften<\/strong><\/p>\n<p>An beiden Standorten unserer Schule kann ausreichend gel\u00fcftet werden. Zus\u00e4tzlich ist in jedem Raum eine L\u00fcftungsanlage installiert!<\/p>\n<p>\u00a0 4<strong>. Testen<\/strong><\/p>\n<p>Bitte testen Sie Ihr Kind bei den bekannten Symptomen.\u00a0<\/p>\n<p><em>Ihr Team vom Nei\u00dfeweg<\/em><\/p>\n<p>\u00a0<\/p>\n<p>\u00a0<\/p>\n<p>\u00a0<\/p>\n<p>\u00a0<\/p>\n\n\n\n<p><a href=\"http:\/\/grundschule-neisseweg.de\/?page_id=1021\">Hier finden Sie Tipps f\u00fcr die Zeit zu Hause<\/a><\/p>\n\n\n\n<p>&nbsp;Bleiben Sie gesund!<\/p>\n","protected":false},"excerpt":{"rendered":"<p>Liebe Eltern! Auf dieser Seite finden Sie aktuelle Informationen und Elternbriefe!\u00a0 \u00a0 17.3.2025: Lies mit! 8.1.2025: Winterdisco\u00a0 16.12.2024: 2.Quartalsbrief 29.11.2024: Wiedergutmachung 29.11.2024: Unsere Schulregeln 06.11.2024: Konzeptpapier 31.10.2024: P\u00e4ckchenaktion 10.09.2024: Einladung Mitgliederversammlung Schulverein 28.06.2024: Quartalsbrief 21.03.2024: Menschenkicker 05.03.2024: Informationen Neubau 20.12.2023: Quartalsbrief 14.08.2023: 1.Elternbrief 16.06.2023: Newsletter Schulverein 14.06.2023: Quartalsbrief 14.06.2023: Lies mit 20.04.2023: Projektwoche 19.04.2023: Kopiergeld 31.03.2023: Quartalsbrief 14.02.2023: Kindertreff in<\/p>\n","protected":false},"author":3,"featured_media":0,"parent":0,"menu_order":0,"comment_status":"closed","ping_status":"closed","template":"","meta":{"footnotes":""},"class_list":["post-1050","page","type-page","status-publish","hentry"],"_links":{"self":[{"href":"http:\/\/grundschule-neisseweg.de\/index.php?rest_route=\/wp\/v2\/pages\/1050","targetHints":{"allow":["GET"]}}],"collection":[{"href":"http:\/\/grundschule-neisseweg.de\/index.php?rest_route=\/wp\/v2\/pages"}],"about":[{"href":"http:\/\/grundschule-neisseweg.de\/index.php?rest_route=\/wp\/v2\/types\/page"}],"author":[{"embeddable":true,"href":"http:\/\/grundschule-neisseweg.de\/index.php?rest_route=\/wp\/v2\/users\/3"}],"replies":[{"embeddable":true,"href":"http:\/\/grundschule-neisseweg.de\/index.php?rest_route=%2Fwp%2Fv2%2Fcomments&post=1050"}],"version-history":[{"count":130,"href":"http:\/\/grundschule-neisseweg.de\/index.php?rest_route=\/wp\/v2\/pages\/1050\/revisions"}],"predecessor-version":[{"id":4279,"href":"http:\/\/grundschule-neisseweg.de\/index.php?rest_route=\/wp\/v2\/pages\/1050\/revisions\/4279"}],"wp:attachment":[{"href":"http:\/\/grundschule-neisseweg.de\/index.php?rest_route=%2Fwp%2Fv2%2Fmedia&parent=1050"}],"curies":[{"name":"wp","href":"https:\/\/api.w.org\/{rel}","templated":true}]}}