{"id":1273,"date":"2020-08-17T17:23:22","date_gmt":"2020-08-17T17:23:22","guid":{"rendered":"http:\/\/grundschule-neisseweg.de\/?page_id=1273"},"modified":"2025-07-16T09:03:49","modified_gmt":"2025-07-16T09:03:49","slug":"bildungshaus-gelb","status":"publish","type":"page","link":"http:\/\/grundschule-neisseweg.de\/?page_id=1273","title":{"rendered":"Bildungshaus gr\u00fcn"},"content":{"rendered":"\n<h3>&nbsp;<\/h3>\n\n\n\n<div>&nbsp;<\/div>\n<p>&nbsp;<\/p>\n<p><strong>Im Bildungshaus gr\u00fcn lernen unsere Klassen 4a, 4b und 4c zusammen.&nbsp;<\/strong><\/p>\n<p>Das Bildungshaus gr\u00fcn befindet sich am Standort Austernbrede.&nbsp;<\/p>\n<p><strong>Fotos zu den Aktionen<\/strong> des gr\u00fcnen Bildungshauses finden Sie hier auf der Seite.<\/p>\n<p>&nbsp;<\/p>\n<h3>&nbsp;<\/h3>\n<p>&nbsp;<\/p>\n\n\n\n<h2>Klasse 4a<\/h2>\n<h3>Klassenleitungsteam: Frau Elsner und Frau Notzon<\/h3>\n<div><\/div>\n\n\n\n<h2>Klasse 4b<\/h2>\n<h3>Klassenleitung: Frau Biermann<\/h3>\n<div><\/div>\n\n\n\n<h2>Klasse 4c<\/h2>\n<h3>Klassenleitung: Frau Schell, Frau K\u00fclzer und Frau Kabitzky<\/h3>\n<div><\/div>\n<div>\u00a0<\/div>\n<div>\u00a0<\/div>\n<h3>Bilder aus dem letzten Schuljahr:<\/h3>\n<div>\u00a0<\/div>\n<div>\u00a0<\/div>\n\n\n\n<h3>ADAC<\/h3>\n<p>Im gelben Bildungshaus fand letzte Woche das ADAC-Radfahrtraining statt. Die Fahrr\u00e4der der Kinder wurden \u00fcberpr\u00fcft und anschlie\u00dfend konnten die Kinder einen Parcour durchfahren. Das hat viel Spa\u00df gemacht.&nbsp;<\/p>\n<div><\/div>\n<div>&nbsp;<\/div>\n<div>&nbsp;<\/div>\n\n\n\n<h3>EKUs<\/h3>\n<p>Die 3c hat in den EKU-Stunden zu dem Thema &#8222;perfekt versteckt&#8220; gearbeitet.&nbsp;<\/p>\n<div><\/div>\n<div>&nbsp;<\/div>\n\n\n\n<h3>Osterbasteln 3c<\/h3>\n<p>Am 9.04.25 haben wir uns auf Ostern eingestimmt: wir haben Pl\u00e4tzchen gebacken, Eier gef\u00e4rbt, H\u00e4schen, Osterk\u00f6rbe und V\u00f6gel gebastelt.<\/p>\n<div><\/div>\n<p>&nbsp;<\/p>\n\n\n\n<h3>Ausflug zur Werkstatt Buntsprecht 3c<\/h3>\n<p>Die Eulenklasse hat am 4.04.25 einen Ausflug zur Werkstatt Buntspecht gemacht. Dort wurde zum Thema Fresken gearbeitet. Die Arbeit mit dem Gibs und den mit Ei anger\u00fchrten Farben hat viel Spa\u00df gemach. Bei dem Wetter konnten wir sogar auch drau\u00dfen arbeiten.<\/p>\n<div><\/div>\n<p>&nbsp;<\/p>\n\n\n\n<h3>Lego Robotics AG<\/h3>\n<p>W\u00e4hrend der AG Zeit in Jahrgang 3 haben die Kinder aus der Lego Robotics AG zun\u00e4chst die Koffer von Lego Education mit den passsenden Materialien ausgestattet und sortiert. Anschlie\u00dfend haben wir uns verschiedene Baupl\u00e4ne angeschaut und nachgebaut. Die gebauten Figuren konnten die Kinder anschlie\u00dfend per App auf dem Tablet steuern und so schon erste eigene kleine Roboter bauen und programmieren. Wir freuen uns auf eine weiterhin spannende AG Zeit.<\/p>\n<div><\/div>\n\n\n\n<h3>Projektband Wikinger<\/h3>\n<p>In unserem aktuellen Projektband hat sich eine Gruppe mit dem Thema Wikinger besch\u00e4ftigt.<\/p>\n<div><\/div>\n<p>\u00a0<\/p>\n","protected":false},"excerpt":{"rendered":"<p>&nbsp; &nbsp; &nbsp; Im Bildungshaus gr\u00fcn lernen unsere Klassen 4a, 4b und 4c zusammen.&nbsp; Das Bildungshaus gr\u00fcn befindet sich am Standort Austernbrede.&nbsp; Fotos zu den Aktionen des gr\u00fcnen Bildungshauses finden Sie hier auf der Seite. &nbsp; &nbsp; &nbsp; Klasse 4a Klassenleitungsteam: Frau Elsner und Frau Notzon Klasse 4b Klassenleitung: Frau Biermann Klasse 4c Klassenleitung: Frau Schell, Frau K\u00fclzer und Frau<\/p>\n","protected":false},"author":3,"featured_media":0,"parent":0,"menu_order":0,"comment_status":"closed","ping_status":"closed","template":"","meta":{"footnotes":""},"class_list":["post-1273","page","type-page","status-publish","hentry"],"_links":{"self":[{"href":"http:\/\/grundschule-neisseweg.de\/index.php?rest_route=\/wp\/v2\/pages\/1273","targetHints":{"allow":["GET"]}}],"collection":[{"href":"http:\/\/grundschule-neisseweg.de\/index.php?rest_route=\/wp\/v2\/pages"}],"about":[{"href":"http:\/\/grundschule-neisseweg.de\/index.php?rest_route=\/wp\/v2\/types\/page"}],"author":[{"embeddable":true,"href":"http:\/\/grundschule-neisseweg.de\/index.php?rest_route=\/wp\/v2\/users\/3"}],"replies":[{"embeddable":true,"href":"http:\/\/grundschule-neisseweg.de\/index.php?rest_route=%2Fwp%2Fv2%2Fcomments&post=1273"}],"version-history":[{"count":47,"href":"http:\/\/grundschule-neisseweg.de\/index.php?rest_route=\/wp\/v2\/pages\/1273\/revisions"}],"predecessor-version":[{"id":4626,"href":"http:\/\/grundschule-neisseweg.de\/index.php?rest_route=\/wp\/v2\/pages\/1273\/revisions\/4626"}],"wp:attachment":[{"href":"http:\/\/grundschule-neisseweg.de\/index.php?rest_route=%2Fwp%2Fv2%2Fmedia&parent=1273"}],"curies":[{"name":"wp","href":"https:\/\/api.w.org\/{rel}","templated":true}]}}