{"id":183,"date":"2019-09-27T09:20:09","date_gmt":"2019-09-27T09:20:09","guid":{"rendered":"http:\/\/127.0.0.1\/nw\/?page_id=183"},"modified":"2023-03-20T21:22:11","modified_gmt":"2023-03-20T21:22:11","slug":"betreuungsangbote","status":"publish","type":"page","link":"http:\/\/grundschule-neisseweg.de\/?page_id=183","title":{"rendered":"Betreuungsangebote"},"content":{"rendered":"\n<div class=\"wp-block-columns has-2-columns is-layout-flex wp-container-core-columns-is-layout-9d6595d7 wp-block-columns-is-layout-flex\">\n<div class=\"wp-block-column is-layout-flow wp-block-column-is-layout-flow\">\n<p>An der Grundschule Nei\u00dfeweg bieten wir drei Betreuungsformen:<\/p>\n\n\n\n<h3 class=\"wp-block-heading\">Randstunde<\/h3>\n\n\n\n<p>Die Randstunde wird angeboten unter der Tr\u00e4gerschaft des Sozialp\u00e4dagogischen Instituts G\u00fctersloh (SPI) in den Zeiten 7.30 Uhr bis Schulbeginn und vom Schulschluss bis 13.45 Uhr. Sie beinhaltet eine qualifizierte Betreuung aber weder Mittagessen noch Hausaufgabenbetreuung noch Betreuung in den Ferienzeiten.<\/p>\n\n\n\n<p><\/p>\n<\/div>\n\n\n\n<div class=\"wp-block-column is-layout-flow wp-block-column-is-layout-flow\">\n<figure class=\"wp-block-image\"><img loading=\"lazy\" decoding=\"async\" width=\"595\" height=\"446\" src=\"http:\/\/grundschule-neisseweg.de\/wp-content\/uploads\/2019\/09\/tease-1-1.jpg\" alt=\"\" class=\"wp-image-637\" srcset=\"http:\/\/grundschule-neisseweg.de\/wp-content\/uploads\/2019\/09\/tease-1-1.jpg 595w, http:\/\/grundschule-neisseweg.de\/wp-content\/uploads\/2019\/09\/tease-1-1-300x225.jpg 300w\" sizes=\"auto, (max-width: 595px) 100vw, 595px\" \/><\/figure>\n<\/div>\n<\/div>\n\n\n\n<h3 class=\"wp-block-heading\">Offener Ganztag<\/h3>\n\n\n\n<p>Die offene Ganztagsschule bietet qualifizierte Betreuung im Zeitfenster zwischen 7.30 Uhr bis 16.30 Uhr (montags bis donnerstags), bzw. zwischen 7.30 Uhr bis 16.00 Uhr (freitags) und beinhaltet das Mittagessen, Hausaufgabenbetreuung und Angebote f\u00fcr Arbeitsgemeinschaften aus verschiedenen Bereichen. <a href=\"http:\/\/grundschule-neisseweg.de\/?page_id=251\">Weiterlesen&#8230;<\/a><\/p>\n<p>&nbsp;<\/p>\n\n\n\n<h3 class=\"wp-block-heading\">Ganztagsklasse<\/h3>\n\n\n\n<p>Innerhalb des Angebotes der offenen Ganztagsschule gibt es an der Grundschule Nei\u00dfeweg seit dem Schuljahr 2012\/2013 auch das Angebot der Ganztagsklassen. <a href=\"http:\/\/grundschule-neisseweg.de\/?page_id=471\">Weiterlesen&#8230;<\/a><\/p>\n\n\n<p class=\"fonts-plugin-block \"><\/p>","protected":false},"excerpt":{"rendered":"<p>An der Grundschule Nei\u00dfeweg bieten wir drei Betreuungsformen: Randstunde Die Randstunde wird angeboten unter der Tr\u00e4gerschaft des Sozialp\u00e4dagogischen Instituts G\u00fctersloh (SPI) in den Zeiten 7.30 Uhr bis Schulbeginn und vom Schulschluss bis 13.45 Uhr. Sie beinhaltet eine qualifizierte Betreuung aber weder Mittagessen noch Hausaufgabenbetreuung noch Betreuung in den Ferienzeiten. Offener Ganztag Die offene Ganztagsschule bietet qualifizierte Betreuung im Zeitfenster zwischen<\/p>\n","protected":false},"author":1,"featured_media":0,"parent":0,"menu_order":0,"comment_status":"closed","ping_status":"closed","template":"","meta":{"footnotes":""},"class_list":["post-183","page","type-page","status-publish","hentry"],"_links":{"self":[{"href":"http:\/\/grundschule-neisseweg.de\/index.php?rest_route=\/wp\/v2\/pages\/183","targetHints":{"allow":["GET"]}}],"collection":[{"href":"http:\/\/grundschule-neisseweg.de\/index.php?rest_route=\/wp\/v2\/pages"}],"about":[{"href":"http:\/\/grundschule-neisseweg.de\/index.php?rest_route=\/wp\/v2\/types\/page"}],"author":[{"embeddable":true,"href":"http:\/\/grundschule-neisseweg.de\/index.php?rest_route=\/wp\/v2\/users\/1"}],"replies":[{"embeddable":true,"href":"http:\/\/grundschule-neisseweg.de\/index.php?rest_route=%2Fwp%2Fv2%2Fcomments&post=183"}],"version-history":[{"count":7,"href":"http:\/\/grundschule-neisseweg.de\/index.php?rest_route=\/wp\/v2\/pages\/183\/revisions"}],"predecessor-version":[{"id":2943,"href":"http:\/\/grundschule-neisseweg.de\/index.php?rest_route=\/wp\/v2\/pages\/183\/revisions\/2943"}],"wp:attachment":[{"href":"http:\/\/grundschule-neisseweg.de\/index.php?rest_route=%2Fwp%2Fv2%2Fmedia&parent=183"}],"curies":[{"name":"wp","href":"https:\/\/api.w.org\/{rel}","templated":true}]}}