{"id":4281,"date":"2025-03-17T13:14:21","date_gmt":"2025-03-17T13:14:21","guid":{"rendered":"https:\/\/grundschule-neisseweg.de\/?page_id=4281"},"modified":"2025-11-24T06:54:15","modified_gmt":"2025-11-24T06:54:15","slug":"lies-mit","status":"publish","type":"page","link":"http:\/\/grundschule-neisseweg.de\/?page_id=4281","title":{"rendered":"Lies mit"},"content":{"rendered":"\n\n\n\n\n<p><strong>\u201eLies mit\u201c \u2013 Wir sind dabei! <\/strong><\/p>\n<p>Wir freuen uns, Teil des Projekts \u201cLies mit\u201c zu sein.<\/p>\n<p>Ziel des Projekts \u201eLies mit\u201c ist, die Lesekompetenz der Sch\u00fcler*innen nachhaltig zu st\u00e4rken und zur systematischen Lesef\u00f6rderung beizutragen.<\/p>\n<p>Das Projekt wurde von den Schulaufsichten im Kreis G\u00fctersloh in Zusammenarbeit mit der Reinhard Mohn Stiftung, dem Kompetenzteam und dem Bildungsmanagement ins Leben gerufen und begleitet. Es umfasste eine umfangreiche Fortbildung der Lehrkr\u00e4fte, in der Lautleseverfahren kennengelernt, im Unterricht erprobt und anschlie\u00dfend gemeinsam reflektiert wurden.<\/p>\n<p>Durch das Projekt \u201eLies mit\u201c haben wir an unserer Schule eine t\u00e4gliche 20-min\u00fctige Lesezeit eingerichtet. In dieser Zeit f\u00fchren die Kinder unterschiedliche Lautleseverfahren durch, wie das Tandem-, W\u00fcrfel-, chorisches Lesen oder das Vorlesetheater bzw. H\u00f6rbuchlesen. Alle Methoden f\u00f6rdern nachweislich die Lesefl\u00fcssigkeit und damit das Leseverstehen und die Lesemotivation. Begleitende standardisierte Tests wie das Salzburger Lesescreening (SLS) helfen, Fortschritte zu erkennen.<\/p>\n<p>Wir sind stolz, mit dem Projekt \u201eLies mit\u201c die Schl\u00fcsselkompetenz Lesen nachhaltig zu st\u00e4rken und gleichzeitig Freude am Lesen zu f\u00f6rdern und freuen uns, weitere gemeinsame Lesezeit gestalten zu k\u00f6nnen.\u00a0<\/p>\n<p>Wie wir an der Grundschule Nei\u00dfeweg das Lautleseverfahren in den Unterricht implementiert haben, k\u00f6nnen Sie diesem Dokument entnehmen: <a href=\"http:\/\/grundschule-neisseweg.de\/wp-content\/uploads\/2025\/11\/Implementation-Lies-mit.pdf\">Implementation &#8222;Lies Mit&#8220;<\/a>.<\/p>\n<p>F\u00fcr weitere Informationen k\u00f6nnen Sie sich gerne den Film anschauen:<\/p>\n<p><a href=\"https:\/\/www.youtube.com\/watch?v=83Crq7FK8is\">https:\/\/www.youtube.com\/watch?v=83Crq7FK8is<\/a><\/p>\n<p>\u00a0<\/p>\n<p><strong>Unsere Lautleseverfahren im Verlauf des Schuljahres<\/strong><br \/><br \/><\/p>\n","protected":false},"excerpt":{"rendered":"<p>\u201eLies mit\u201c \u2013 Wir sind dabei! Wir freuen uns, Teil des Projekts \u201cLies mit\u201c zu sein. Ziel des Projekts \u201eLies mit\u201c ist, die Lesekompetenz der Sch\u00fcler*innen nachhaltig zu st\u00e4rken und zur systematischen Lesef\u00f6rderung beizutragen. Das Projekt wurde von den Schulaufsichten im Kreis G\u00fctersloh in Zusammenarbeit mit der Reinhard Mohn Stiftung, dem Kompetenzteam und dem Bildungsmanagement ins Leben gerufen und begleitet.<\/p>\n","protected":false},"author":2,"featured_media":0,"parent":0,"menu_order":0,"comment_status":"closed","ping_status":"closed","template":"","meta":{"footnotes":""},"class_list":["post-4281","page","type-page","status-publish","hentry"],"_links":{"self":[{"href":"http:\/\/grundschule-neisseweg.de\/index.php?rest_route=\/wp\/v2\/pages\/4281","targetHints":{"allow":["GET"]}}],"collection":[{"href":"http:\/\/grundschule-neisseweg.de\/index.php?rest_route=\/wp\/v2\/pages"}],"about":[{"href":"http:\/\/grundschule-neisseweg.de\/index.php?rest_route=\/wp\/v2\/types\/page"}],"author":[{"embeddable":true,"href":"http:\/\/grundschule-neisseweg.de\/index.php?rest_route=\/wp\/v2\/users\/2"}],"replies":[{"embeddable":true,"href":"http:\/\/grundschule-neisseweg.de\/index.php?rest_route=%2Fwp%2Fv2%2Fcomments&post=4281"}],"version-history":[{"count":10,"href":"http:\/\/grundschule-neisseweg.de\/index.php?rest_route=\/wp\/v2\/pages\/4281\/revisions"}],"predecessor-version":[{"id":4703,"href":"http:\/\/grundschule-neisseweg.de\/index.php?rest_route=\/wp\/v2\/pages\/4281\/revisions\/4703"}],"wp:attachment":[{"href":"http:\/\/grundschule-neisseweg.de\/index.php?rest_route=%2Fwp%2Fv2%2Fmedia&parent=4281"}],"curies":[{"name":"wp","href":"https:\/\/api.w.org\/{rel}","templated":true}]}}