{"id":4333,"date":"2025-03-30T13:02:08","date_gmt":"2025-03-30T13:02:08","guid":{"rendered":"https:\/\/grundschule-neisseweg.de\/?page_id=4333"},"modified":"2025-05-20T09:30:56","modified_gmt":"2025-05-20T09:30:56","slug":"kraniche","status":"publish","type":"page","link":"http:\/\/grundschule-neisseweg.de\/?page_id=4333","title":{"rendered":"Kraniche"},"content":{"rendered":"\n<h3>Kranich AG 2025<\/h3>\n<p>Unsere Kraniche sind heute, am 31.M\u00e4rz 2025 in Hiroshima auf dem Friedensplatz am Monument von Sadako angekommen.<\/p>\n<p><img loading=\"lazy\" decoding=\"async\" class=\"aligncenter size-large wp-image-4368\" src=\"http:\/\/grundschule-neisseweg.de\/wp-content\/uploads\/2025\/04\/IMG-20250331-WA0003-768x1024.jpg\" alt=\"\" width=\"768\" height=\"1024\" srcset=\"http:\/\/grundschule-neisseweg.de\/wp-content\/uploads\/2025\/04\/IMG-20250331-WA0003-768x1024.jpg 768w, http:\/\/grundschule-neisseweg.de\/wp-content\/uploads\/2025\/04\/IMG-20250331-WA0003-225x300.jpg 225w, http:\/\/grundschule-neisseweg.de\/wp-content\/uploads\/2025\/04\/IMG-20250331-WA0003-1152x1536.jpg 1152w, http:\/\/grundschule-neisseweg.de\/wp-content\/uploads\/2025\/04\/IMG-20250331-WA0003.jpg 1200w\" sizes=\"auto, (max-width: 768px) 100vw, 768px\" \/><\/p>\n<p><img loading=\"lazy\" decoding=\"async\" class=\"alignleft size-medium wp-image-4367\" src=\"http:\/\/grundschule-neisseweg.de\/wp-content\/uploads\/2025\/04\/IMG-20250331-WA0005-300x225.jpg\" alt=\"\" width=\"300\" height=\"225\" srcset=\"http:\/\/grundschule-neisseweg.de\/wp-content\/uploads\/2025\/04\/IMG-20250331-WA0005-300x225.jpg 300w, http:\/\/grundschule-neisseweg.de\/wp-content\/uploads\/2025\/04\/IMG-20250331-WA0005-1024x768.jpg 1024w, http:\/\/grundschule-neisseweg.de\/wp-content\/uploads\/2025\/04\/IMG-20250331-WA0005-768x576.jpg 768w, http:\/\/grundschule-neisseweg.de\/wp-content\/uploads\/2025\/04\/IMG-20250331-WA0005-1536x1152.jpg 1536w, http:\/\/grundschule-neisseweg.de\/wp-content\/uploads\/2025\/04\/IMG-20250331-WA0005.jpg 2048w\" sizes=\"auto, (max-width: 300px) 100vw, 300px\" \/><\/p>\n<p>&nbsp;<\/p>\n<p><img loading=\"lazy\" decoding=\"async\" class=\"size-medium wp-image-4366\" src=\"http:\/\/grundschule-neisseweg.de\/wp-content\/uploads\/2025\/04\/6dabb543f5357f75587d613c729db182-1-300x202.jpg\" alt=\"\" width=\"300\" height=\"202\" srcset=\"http:\/\/grundschule-neisseweg.de\/wp-content\/uploads\/2025\/04\/6dabb543f5357f75587d613c729db182-1-300x202.jpg 300w, http:\/\/grundschule-neisseweg.de\/wp-content\/uploads\/2025\/04\/6dabb543f5357f75587d613c729db182-1-1024x688.jpg 1024w, http:\/\/grundschule-neisseweg.de\/wp-content\/uploads\/2025\/04\/6dabb543f5357f75587d613c729db182-1-768x516.jpg 768w, http:\/\/grundschule-neisseweg.de\/wp-content\/uploads\/2025\/04\/6dabb543f5357f75587d613c729db182-1-90x60.jpg 90w, http:\/\/grundschule-neisseweg.de\/wp-content\/uploads\/2025\/04\/6dabb543f5357f75587d613c729db182-1.jpg 1400w\" sizes=\"auto, (max-width: 300px) 100vw, 300px\" \/><\/p>\n<p>&nbsp;<\/p>\n<p>&nbsp;<\/p>\n<p>&nbsp;<\/p>\n<p>&nbsp;<\/p>\n<p>&nbsp;<\/p>\n<p><strong>Die Kranich AG: Ein Zeichen f\u00fcr Frieden und Kunst<\/strong><\/p>\n<p>Hier falten engagierte Sch\u00fclerinnen und Sch\u00fcler jedes Jahr wieder hunderte von Papierkranichen in Begleitung von Frau Edda H\u00fcnneke-M\u00fcller.<\/p>\n<p><img loading=\"lazy\" decoding=\"async\" class=\"aligncenter size-large wp-image-4289\" src=\"http:\/\/grundschule-neisseweg.de\/wp-content\/uploads\/2025\/03\/20250317_105622-1024x768.jpg\" alt=\"\" width=\"860\" height=\"645\" srcset=\"http:\/\/grundschule-neisseweg.de\/wp-content\/uploads\/2025\/03\/20250317_105622-1024x768.jpg 1024w, http:\/\/grundschule-neisseweg.de\/wp-content\/uploads\/2025\/03\/20250317_105622-300x225.jpg 300w, http:\/\/grundschule-neisseweg.de\/wp-content\/uploads\/2025\/03\/20250317_105622-768x576.jpg 768w, http:\/\/grundschule-neisseweg.de\/wp-content\/uploads\/2025\/03\/20250317_105622-1536x1152.jpg 1536w, http:\/\/grundschule-neisseweg.de\/wp-content\/uploads\/2025\/03\/20250317_105622-2048x1536.jpg 2048w\" sizes=\"auto, (max-width: 860px) 100vw, 860px\" \/><\/p>\n<p>In diesem Jahr, 2025, gleich aus zwei wichtigen Gr\u00fcnden<\/p>\n<ul>\n<li><u>Ein Zeichen des Friedens f\u00fcr Hiroshima <\/u><\/li>\n<\/ul>\n<p>Der Kranich ist in Japan ein Symbol f\u00fcr Frieden und Hoffnung. Inspiriert von der Geschichte des japanischen M\u00e4dchens Sadako Sasaki, die w\u00e4hrend des Zweiten Weltkriegs an den Folgen der Atombombe erkrankte und 1000 Papierkraniche faltete, um gesund zu werden, m\u00f6chte unsere AG ein Zeichen des Friedens setzen. Ein Teil unserer gefalteten Kraniche werden mit Frau Birgit Frieda Amhoff (K\u00fcnstlerin aus G\u00fctersloh) auf eine Reise nach Hiroshima gehen und am dortigen Friedensplatz als Zeichen der internationalen Verbundenheit niedergelegt und in Vitrinen ausgehangen.<\/p>\n<p>Max und Milan aus der 4c haben dazu im Sachunterricht einen Stop-Motion- Film kreiert.<\/p>\n<p><iframe loading=\"lazy\" src=\"\/\/www.youtube.com\/embed\/8X9J9tE8NlE?si=eUdWSL9c4A3XkxZC\" width=\"560\" height=\"314\" allowfullscreen=\"allowfullscreen\"><\/iframe><\/p>\n<p><img loading=\"lazy\" decoding=\"async\" class=\"aligncenter size-large wp-image-4348\" src=\"http:\/\/grundschule-neisseweg.de\/wp-content\/uploads\/2025\/03\/Kranich-4-1024x771.jpg\" alt=\"\" width=\"860\" height=\"648\" srcset=\"http:\/\/grundschule-neisseweg.de\/wp-content\/uploads\/2025\/03\/Kranich-4-1024x771.jpg 1024w, http:\/\/grundschule-neisseweg.de\/wp-content\/uploads\/2025\/03\/Kranich-4-300x226.jpg 300w, http:\/\/grundschule-neisseweg.de\/wp-content\/uploads\/2025\/03\/Kranich-4-768x578.jpg 768w, http:\/\/grundschule-neisseweg.de\/wp-content\/uploads\/2025\/03\/Kranich-4-1536x1157.jpg 1536w, http:\/\/grundschule-neisseweg.de\/wp-content\/uploads\/2025\/03\/Kranich-4-2048x1542.jpg 2048w\" sizes=\"auto, (max-width: 860px) 100vw, 860px\" \/><\/p>\n<p>&nbsp;<\/p>\n<ul>\n<li><u>Kunstvolle Pr\u00e4sentation bei der \u201eLangen Nacht der Kunst\u201c<\/u><\/li>\n<\/ul>\n<p>Neben der Friedensbotschaft steht auch die Kunst im Mittelpunkt unserer Arbeit. Ein weiterer Teil unserer Kraniche, werden bei der \u201eLangen Nacht der Kunst\u201c am 17. Mai 2025 auf der Rasenfl\u00e4che vor der Apostelkirche von Frau Birgit Frieda Amhoff und Michael Grohe ausgestellt. Dabei soll eine beeindruckende Installation entstehen, die die Besucher*innen zum Nachdenken anregt. Die Installation spielt mit der Natur, der Bewegung und der Symbolik des Kranichzuges. Mit Licht und kreativen Arrangements werden die Kraniche in Szene gesetzt \u2013 als Symbol f\u00fcr Hoffnung, Freiheit, Gl\u00fcck und vor allem als Botschaft des Friedens.<\/p>\n<p><img loading=\"lazy\" decoding=\"async\" class=\"aligncenter size-large wp-image-4291\" src=\"http:\/\/grundschule-neisseweg.de\/wp-content\/uploads\/2025\/03\/20250317_1055370-1024x768.jpg\" alt=\"\" width=\"860\" height=\"645\" srcset=\"http:\/\/grundschule-neisseweg.de\/wp-content\/uploads\/2025\/03\/20250317_1055370-1024x768.jpg 1024w, http:\/\/grundschule-neisseweg.de\/wp-content\/uploads\/2025\/03\/20250317_1055370-300x225.jpg 300w, http:\/\/grundschule-neisseweg.de\/wp-content\/uploads\/2025\/03\/20250317_1055370-768x576.jpg 768w, http:\/\/grundschule-neisseweg.de\/wp-content\/uploads\/2025\/03\/20250317_1055370-1536x1152.jpg 1536w, http:\/\/grundschule-neisseweg.de\/wp-content\/uploads\/2025\/03\/20250317_1055370-2048x1536.jpg 2048w\" sizes=\"auto, (max-width: 860px) 100vw, 860px\" \/><\/p>\n<p>&nbsp;<\/p>\n<p>Die Kranich AG zeigt, das Kunst und gesellschaftliches Engagement Hand in Hand gehen k\u00f6nnen.<\/p>\n<p>Gemeinsam setzen wir ein Zeichen f\u00fcr Frieden und lassen Kunst lebendig werden!<\/p>\n<p>&nbsp;<\/p>\n<div><\/div>\n<p>&nbsp;<\/p>\n\n\n\n<h3>Kranich AG 2022<\/h3>\n<p>Der Kranich gilt als \u201eVogel des Gl\u00fccks\u201c. Er ist ein Symbol f\u00fcr Gesundheit, ein langes Leben, Freude, Zusammenhalt und Frieden.<\/p>\n<p>In unterschiedlichen Unterrichtseinheiten besch\u00e4ftigen wir uns mit der Legende \u201eSadako und die 1000 Kraniche\u201c, recherchieren die Merkmale und Besonderheiten dieser gro\u00dfen Zugv\u00f6gel. Die Kinder stellen den Kranich k\u00fcnstlerisch dar: Sie malen, falten, singen und tanzen zum Thema Kranich-Gl\u00fcck!<\/p>\n<p>Zur Zeit h\u00f6ren und sehen die Kinder sogar die ersten Kranichformationen am Himmel, denn diese kommen gerade aus dem S\u00fcden zur\u00fcck in den Norden geflogen und reisen dabei auch \u00fcber G\u00fctersloh.<\/p>\n<p>Ein faszinierendes Spektakel!<\/p>\n\n\n\n<div><\/div>\n\n\n\n\n","protected":false},"excerpt":{"rendered":"<p>Kranich AG 2025 Unsere Kraniche sind heute, am 31.M\u00e4rz 2025 in Hiroshima auf dem Friedensplatz am Monument von Sadako angekommen. &nbsp; &nbsp; &nbsp; &nbsp; &nbsp; &nbsp; Die Kranich AG: Ein Zeichen f\u00fcr Frieden und Kunst Hier falten engagierte Sch\u00fclerinnen und Sch\u00fcler jedes Jahr wieder hunderte von Papierkranichen in Begleitung von Frau Edda H\u00fcnneke-M\u00fcller. In diesem Jahr, 2025, gleich aus zwei<\/p>\n","protected":false},"author":2,"featured_media":0,"parent":0,"menu_order":0,"comment_status":"closed","ping_status":"closed","template":"","meta":{"footnotes":""},"class_list":["post-4333","page","type-page","status-publish","hentry"],"_links":{"self":[{"href":"http:\/\/grundschule-neisseweg.de\/index.php?rest_route=\/wp\/v2\/pages\/4333","targetHints":{"allow":["GET"]}}],"collection":[{"href":"http:\/\/grundschule-neisseweg.de\/index.php?rest_route=\/wp\/v2\/pages"}],"about":[{"href":"http:\/\/grundschule-neisseweg.de\/index.php?rest_route=\/wp\/v2\/types\/page"}],"author":[{"embeddable":true,"href":"http:\/\/grundschule-neisseweg.de\/index.php?rest_route=\/wp\/v2\/users\/2"}],"replies":[{"embeddable":true,"href":"http:\/\/grundschule-neisseweg.de\/index.php?rest_route=%2Fwp%2Fv2%2Fcomments&post=4333"}],"version-history":[{"count":16,"href":"http:\/\/grundschule-neisseweg.de\/index.php?rest_route=\/wp\/v2\/pages\/4333\/revisions"}],"predecessor-version":[{"id":4474,"href":"http:\/\/grundschule-neisseweg.de\/index.php?rest_route=\/wp\/v2\/pages\/4333\/revisions\/4474"}],"wp:attachment":[{"href":"http:\/\/grundschule-neisseweg.de\/index.php?rest_route=%2Fwp%2Fv2%2Fmedia&parent=4333"}],"curies":[{"name":"wp","href":"https:\/\/api.w.org\/{rel}","templated":true}]}}