{"id":1021,"date":"2020-03-24T21:23:54","date_gmt":"2020-03-24T21:23:54","guid":{"rendered":"http:\/\/grundschule-neisseweg.de\/?page_id=1021"},"modified":"2020-03-25T11:01:23","modified_gmt":"2020-03-25T11:01:23","slug":"tipps-gegen-langeweile","status":"publish","type":"page","link":"https:\/\/grundschule-neisseweg.de\/?page_id=1021","title":{"rendered":"Tipps gegen Langeweile"},"content":{"rendered":"\n\n\n<p>Tipps gegen Langeweile<\/p>\n\n\n\n<p>*Sport<\/p>\n\n\n\n<p>Albas t\u00e4gliche Sportstunde:   <\/p>\n\n\n\n<p><iframe loading=\"lazy\" title=\"ALBAs t\u00e4gliche Sportstunde | Grundschule 1 | Geschichte des Basketballs\" width=\"860\" height=\"484\" src=\"https:\/\/www.youtube.com\/embed\/olNR0RNaXyU?feature=oembed\" frameborder=\"0\" allow=\"accelerometer; autoplay; encrypted-media; gyroscope; picture-in-picture\" allowfullscreen><\/iframe>  <\/p>\n\n\n\n<p><strong>Klasse 2000<\/strong>: Im neuen digitalen Angebot, dem KLARO-Labor, sind die 5-Minuten-Bewegungspausen zu finden, die die Kinder schon aus dem Unterricht kennen. Au\u00dferdem gibt es hier weitere \u00dcbungen und Spiele f\u00fcr Kinder (1. und 2. Klasse), viele Informationen f\u00fcr Eltern zum gesunden Aufwachsen und digitales Tafelmaterial f\u00fcr die Lehrkr\u00e4fte. Dieses passwortgesch\u00fctzte Angebot erreichen Kinder und Eltern unter <a href=\"http:\/\/www.klaro-labor.de\">www.klaro-labor.de<\/a>&nbsp;mit folgendem Passwort: KLARO20+<\/p>\n\n\n\n<p><\/p>\n\n\n\n<p>* kleine Experimente <\/p>\n\n\n\n<p><a href=\"https:\/\/m.simplyscience.ch\/experimente.html\">https:\/\/m.simplyscience.ch\/experimente.html<\/a><\/p>\n\n\n\n<p><a href=\"https:\/\/www.geo.de\/geolino\/basteln\/15225-thma-experimente\">https:\/\/www.geo.de\/geolino\/basteln\/15225-thma-experimente<\/a><\/p>\n\n\n\n<p><a href=\"https:\/\/www.schule-und-familie.de\/experimente\/experimente-mitwasser.\">https:\/\/www.schule-und-familie.de\/experimente\/experimente-m<\/a><a href=\"https:\/\/www.schule-und-familie.de\/experimente\/experimente-mitwasser.html\">itwasser.html<\/a><\/p>\n\n\n\n<p><\/p>\n\n\n\n<p>* ein Insektenhotel bauen<\/p>\n\n\n\n<p><a href=\"https:\/\/www.geo.de\/geolino\/basteln\/13490-rtkl-basteltipp-insektenhotel\">https:\/\/www.geo.de\/geolino\/basteln\/13490-rtkl-basteltipp-insektenhotel<\/a><\/p>\n\n\n\n<p>* eine Br\u00fccke aus Papier bauen<\/p>\n\n\n\n<p><a href=\"https:\/\/kidsweb.wien\/experimente\/papierbruecke\/\">https:\/\/kidsweb.wien\/experimente\/papierbruecke\/<\/a><\/p>\n\n\n\n<p><a href=\"https:\/\/www.bauplan-bauanleitung.de\/hobby\/bauanleitung-papierbruecke\/\">https:\/\/www.bauplan-bauanleitung.de\/hobby\/bauanleitung-papierbruecke\/<\/a><\/p>\n\n\n\n<p>* zaubern lernen<\/p>\n\n\n\n<p><a href=\"https:\/\/www.kinderspiele-welt.de\/kinderparty\/zaubertricks-fuer-kinder.html\">https:\/\/www.kinderspiele-welt.de\/kinderparty\/zaubertricks-fuer-kinder.html<\/a><\/p>\n\n\n\n<p><a href=\"https:\/\/www.kidsville.de\/bibliothek\/zauber\/tricks\/\">https:\/\/www.kidsville.de\/bibliothek\/zauber\/tricks\/<\/a><\/p>\n\n\n\n<p>* R\u00e4tsel<\/p>\n\n\n\n<p><a href=\"https:\/\/stopkidsmagazin.de\/RATSEL\/ratsel.html\">https:\/\/stopkidsmagazin.de\/RATSEL\/ratsel.html<\/a><\/p>\n\n\n\n<p><a href=\"https:\/\/www.raetseldino.de\/knobelaufgaben-kinder.html\">https:\/\/www.raetseldino.de\/knobelaufgaben-kinder.html<\/a><\/p>\n\n\n\n<p><a href=\"https:\/\/www.kleineschule.com.de\/raetsel.html\">https:\/\/www.kleineschule.com.de\/raetsel.html<\/a><\/p>\n\n\n\n<p><a href=\"http:\/\/www.denksport-raetsel.de\/R%C3%A4tsel\/Kinderr%C3%A4tsel\">http:\/\/www.denksport-raetsel.de\/R%C3%A4tsel\/Kinderr%C3%A4tsel<\/a><\/p>\n\n\n\n<p>* Lernen<\/p>\n\n\n\n<p><a href=\"https:\/\/www.hamsterkiste.de\/\">https:\/\/www.hamsterkiste.de\/<\/a><\/p>\n\n\n\n<p><a href=\"https:\/\/www.stiftunglesen.de\/aktionen\/vorlesen-corona\/\">https:\/\/www.stiftunglesen.de\/aktionen\/vorlesen-corona\/<\/a><\/p>\n\n\n\n<p><a href=\"https:\/\/www.stiftunglesen.de\/download.php?type=documentpdf&amp;id=1605\">https:\/\/www.stiftunglesen.de\/download.php?type=documentpdf&amp;id=1605<\/a><\/p>\n\n\n\n<p><a href=\"https:\/\/www.grundschulstoff.de\">https:\/\/www.grundschulstoff.de<\/a><\/p>\n\n\n\n<p><a href=\" https:\/\/www.kleineschule.com.de\/\"> https:\/\/www.kleineschule.com.de\/<\/a><\/p>\n","protected":false},"excerpt":{"rendered":"<p>Tipps gegen Langeweile *Sport Albas t\u00e4gliche Sportstunde: Klasse 2000: Im neuen digitalen Angebot, dem KLARO-Labor, sind die 5-Minuten-Bewegungspausen zu finden, die die Kinder schon aus dem Unterricht kennen. Au\u00dferdem gibt es hier weitere \u00dcbungen und Spiele f\u00fcr Kinder (1. und 2. Klasse), viele Informationen f\u00fcr Eltern zum gesunden Aufwachsen und digitales Tafelmaterial f\u00fcr die Lehrkr\u00e4fte. Dieses passwortgesch\u00fctzte Angebot erreichen Kinder<\/p>\n","protected":false},"author":3,"featured_media":0,"parent":0,"menu_order":0,"comment_status":"closed","ping_status":"closed","template":"","meta":{"footnotes":""},"class_list":["post-1021","page","type-page","status-publish","hentry"],"_links":{"self":[{"href":"https:\/\/grundschule-neisseweg.de\/index.php?rest_route=\/wp\/v2\/pages\/1021","targetHints":{"allow":["GET"]}}],"collection":[{"href":"https:\/\/grundschule-neisseweg.de\/index.php?rest_route=\/wp\/v2\/pages"}],"about":[{"href":"https:\/\/grundschule-neisseweg.de\/index.php?rest_route=\/wp\/v2\/types\/page"}],"author":[{"embeddable":true,"href":"https:\/\/grundschule-neisseweg.de\/index.php?rest_route=\/wp\/v2\/users\/3"}],"replies":[{"embeddable":true,"href":"https:\/\/grundschule-neisseweg.de\/index.php?rest_route=%2Fwp%2Fv2%2Fcomments&post=1021"}],"version-history":[{"count":12,"href":"https:\/\/grundschule-neisseweg.de\/index.php?rest_route=\/wp\/v2\/pages\/1021\/revisions"}],"predecessor-version":[{"id":1044,"href":"https:\/\/grundschule-neisseweg.de\/index.php?rest_route=\/wp\/v2\/pages\/1021\/revisions\/1044"}],"wp:attachment":[{"href":"https:\/\/grundschule-neisseweg.de\/index.php?rest_route=%2Fwp%2Fv2%2Fmedia&parent=1021"}],"curies":[{"name":"wp","href":"https:\/\/api.w.org\/{rel}","templated":true}]}}