{"id":1065,"date":"2020-03-29T17:54:55","date_gmt":"2020-03-29T17:54:55","guid":{"rendered":"http:\/\/grundschule-neisseweg.de\/?page_id=1065"},"modified":"2024-01-24T12:27:30","modified_gmt":"2024-01-24T12:27:30","slug":"emu-kids","status":"publish","type":"page","link":"https:\/\/grundschule-neisseweg.de\/?page_id=1065","title":{"rendered":"EMU-Kids"},"content":{"rendered":"\n<div><\/div>\n<p>&nbsp;<\/p>\n\n\n\n<p><a href=\"https:\/\/groove-schmiede.de\/\"><strong>Jan Hofmann:<\/strong><\/a> Schlagzeug und Perkussion<\/p>\n<p><a href=\"https:\/\/frankwoelfer.de\/\"><strong>Frank W\u00f6lfer:<\/strong><\/a> Gitarre<\/p>\n<p><a href=\"https:\/\/www.musik-kunstschule.de\/\"><strong>Dietlind Mudder:<\/strong><\/a> Gesang<\/p>\n<p><a href=\"https:\/\/www.musik-kunstschule.de\/\"><strong>Sigrun Wolff:<\/strong><\/a> Keyboard, Klavier\u00a0<\/p>\n<p>\u00a0<\/p>\n<p>\u00a0<\/p>\n\n\n\n<h3>&nbsp;<\/h3>\n<p>&nbsp;<\/p>\n\n\n\n<p><strong>Allgemeine Informationen\nzu den EMU-Kids<\/strong><\/p>\n\n\n\n<p>Seit\nBeginn des Schuljahres 2017\/18 besteht in Zusammenarbeit mit der Schule f\u00fcr\nKunst und Musik an der Feldstra\u00dfe in G\u00fctersloh das Angebot der EMU-Kids. \u201eEMU\u201c\nsteht f\u00fcr \u201eErweiterter Musikunterricht\u201c und meint, dass die teilnehmenden\nKinder \u00fcber den \u00fcblichen Musikunterricht hinaus 2 Stunden pro Woche\nInstrumentalunterricht entweder f\u00fcr Keyboard, Gitarre, Perkussion oder Gesang\nerhalten. Die Kosten f\u00fcr diesen Unterricht betragen 20 Euro pro Monat, eine\nTeilnahme ist freiwillig. Die Instrumente werden zun\u00e4chst von der Schule\ngestellt und k\u00f6nnen auch nach dem Abschlie\u00dfen eines Leihvertrages an den Tagen,\nan denen kein EMU-Kids-Unterricht stattfindet, zum \u00dcben mit nach Hause genommen\nwerden. Denn regelm\u00e4\u00dfiges \u00dcben ist eine Grundvoraussetzung f\u00fcr das erfolgreiche\nErlernen eines Musikinstrumentes! W\u00fcnschenswert ist es nat\u00fcrlich, dass die\nKinder m\u00f6glichst bald ihr eigenes Instrument besitzen.<\/p>\n\n\n\n<p>Mit Dietlind Mudder und Sigrun Wolff von der Schule f\u00fcr Kunst und Musik haben wir 2 qualifizierte Instrumentalp\u00e4dagoginnen gewinnen k\u00f6nnen, die den Keyboard- (Wolff) bzw. den Gesangsunterricht (Mudder) durchf\u00fchren. Frank W\u00f6lfer, Lehrer an unserer Schule und studierter Musiker, leitet die Gitarrengruppe. Jan Hofmann unterrichtet die Schlagzeug- und Perkussiongruppe.<\/p>\n\n\n\n<p>Beginnend\nmit dem Jahrgang 3 im Schuljahr 2017\/18 starteten die EMU-Kids mit 24 Kindern.\nIm Schuljahr 2018\/19 folgte dann der n\u00e4chste 3. Jahrgang. Mittelfristiges Ziel\nunserer Schule ist es, m\u00f6glichst jedem Kind des 3. und 4. Jahrgangs die\nM\u00f6glichkeit zu bieten, ein Instrument im qualifizierten Instrumentalunterricht\nzu erlernen und die dort erlernten F\u00e4higkeiten u. a. in kleinen Konzerten zu\npr\u00e4sentieren.<\/p>\n\n\n\n<p><strong>Warum uns der\nMusikunterricht so wichtig ist<\/strong><\/p>\n\n\n\n<p>Inzwischen\nist es aufgrund eines eindeutigen wissenschaftlichen Hintergrundes gang und\ng\u00e4be, dass der Musikunterricht an Schulen zunehmend mehr Bedeutung erh\u00e4lt.\nSowohl die Hirnforschung als auch Studien zur Entwicklung des Sozialverhaltens\noder zur Steigerung der kognitiven F\u00e4higkeiten haben ergeben, dass das Erlernen\neines Musikinstrumentes \u2013 erst recht zusammen mit anderen Menschen \u2013 wie kaum\neine andere Bet\u00e4tigung einen nachweisbar positiven Einfluss auf die geistig-\nemotionale Entwicklung hat (vgl. u. a. H. G. Bastian: Musik(erziehung) und ihre\nWirkung, Mainz 2000).<\/p>\n\n\n\n<p>Dabei\nspielen v. a. die sog. Soft Skills wie Teamf\u00e4higkeit, soziale oder methodische\nKompetenzen eine gro\u00dfe Rolle, werden diese doch besonders durch das Musikmachen\nin einer Gruppe nachhaltig gef\u00f6rdert und entwickelt. Noch dazu macht das\nMusizieren im Ensemble, aber nat\u00fcrlich auch allein, enorme Freude und kann\neinen gro\u00dfen Anteil an der Pers\u00f6nlichkeitsentwicklung des Kindes haben,\nbereichert dar\u00fcber hinaus auch das Schulleben im besonderen Ma\u00dfe.<\/p>\n\n\n\n<p>Leider\nist es aber derzeit noch so, dass diese Erkenntnisse erst allm\u00e4hlich im\nSchulalltag der Grundschulen umgesetzt werden. Dieses wollen wir mit dem\nEMU-Kids-Projekt nun an unserer Schule \u00e4ndern. Nat\u00fcrlich steht und f\u00e4llt ein\nsolches Vorhaben mit der Unterst\u00fctzung durch Eltern, F\u00f6rderer und Stiftungen\nsowie durch den Schultr\u00e4ger selbst. Der Schultr\u00e4ger hat uns erm\u00f6glicht,\nverschiedene Instrumente wie z. B. Gitarren, Cajons, Keyboards und diverses\nZubeh\u00f6r f\u00fcr dieses Projekt anzuschaffen. Dar\u00fcber hinaus unterst\u00fctzte uns die\nFamilie-Osthushenrich-Stiftung aus G\u00fctersloh mit einer Spende von 4000 Euro\ngro\u00dfz\u00fcgig.<\/p>\n\n\n\n<p>Am\nInteresse der Kinder sollte es jedenfalls nicht scheitern, zeigen diese doch\ninsbesondere wenn es um das Spielen mit \u201erichtigen\u201c Musikinstrumenten geht \u2013\nmeist enorme Freude. In den Gruppenarbeitsphasen des EMU-Musikunterrichts kann\nman dies besonders gut beobachten: Wenn Kinder sich mit Musikinstrumenten\nbesch\u00e4ftigen und gemeinsam ein Musikst\u00fcck \u00fcben oder erarbeiten, kann ein\nAu\u00dfenstehender leicht erkennen, dass besonders die nonverbale Ebene der\nKommunikation zum Tragen kommt und so ALLE Gruppenmitglieder in einem Prozess\ndes Schaffens und Erfahrens miteinbezogen werden. Auf diese Weise entsteht beim\ngemeinsamen Musikmachen ein ganz besonderes WIR-GEF\u00dcHL, wo der Leistungsaspekt\ndes Einzelnen nicht so entscheidend ist wie das Gesamtergebnis bzw.\nGesamterlebnis in der Gruppe! <\/p>\n\n\n\n<p>In einer Schule des gemeinsamen Lernens stellt das Musikmachen in einer Lerngruppe wie den EMU-Kids daher einen wesentlichen Bestandteil und eine wertvolle Bereicherung des Schullebens dar.<\/p>\n\n\n\n<p><\/p>\n\n\n\n<p><strong>Die EMU-Kids<\/strong><\/p>\n\n\n\n<p>Hier finden Sie Links zu Videos, die unsere EMU-Kids im &#8222;Homeschooling&#8220; gedreht haben! Viel Spa\u00df! <\/p>\n\n\n\n<p><a href=\"http:\/\/grundschule-neisseweg.de\/wp-content\/uploads\/2022\/01\/VID_20211222_093312.mp4\">http:\/\/grundschule-neisseweg.de\/wp-content\/uploads\/2022\/01\/VID_20211222_093312.mp4<\/a><\/p>\n<p><a href=\"http:\/\/grundschule-neisseweg.de\/wp-content\/uploads\/2022\/01\/VID_20211222_092424.mp4\">http:\/\/grundschule-neisseweg.de\/wp-content\/uploads\/2022\/01\/VID_20211222_092424.mp4<\/a><\/p>\n<p><a href=\"http:\/\/grundschule-neisseweg.de\/wp-content\/uploads\/2022\/01\/VID_20211222_092016.mp4\">http:\/\/grundschule-neisseweg.de\/wp-content\/uploads\/2022\/01\/VID_20211222_092016.mp4<\/a><\/p>\n","protected":false},"excerpt":{"rendered":"<p>&nbsp; Jan Hofmann: Schlagzeug und Perkussion Frank W\u00f6lfer: Gitarre Dietlind Mudder: Gesang Sigrun Wolff: Keyboard, Klavier\u00a0 \u00a0 \u00a0 &nbsp; &nbsp; Allgemeine Informationen zu den EMU-Kids Seit Beginn des Schuljahres 2017\/18 besteht in Zusammenarbeit mit der Schule f\u00fcr Kunst und Musik an der Feldstra\u00dfe in G\u00fctersloh das Angebot der EMU-Kids. \u201eEMU\u201c steht f\u00fcr \u201eErweiterter Musikunterricht\u201c und meint, dass die teilnehmenden Kinder<\/p>\n","protected":false},"author":3,"featured_media":0,"parent":0,"menu_order":0,"comment_status":"closed","ping_status":"closed","template":"","meta":{"footnotes":""},"class_list":["post-1065","page","type-page","status-publish","hentry"],"_links":{"self":[{"href":"https:\/\/grundschule-neisseweg.de\/index.php?rest_route=\/wp\/v2\/pages\/1065","targetHints":{"allow":["GET"]}}],"collection":[{"href":"https:\/\/grundschule-neisseweg.de\/index.php?rest_route=\/wp\/v2\/pages"}],"about":[{"href":"https:\/\/grundschule-neisseweg.de\/index.php?rest_route=\/wp\/v2\/types\/page"}],"author":[{"embeddable":true,"href":"https:\/\/grundschule-neisseweg.de\/index.php?rest_route=\/wp\/v2\/users\/3"}],"replies":[{"embeddable":true,"href":"https:\/\/grundschule-neisseweg.de\/index.php?rest_route=%2Fwp%2Fv2%2Fcomments&post=1065"}],"version-history":[{"count":21,"href":"https:\/\/grundschule-neisseweg.de\/index.php?rest_route=\/wp\/v2\/pages\/1065\/revisions"}],"predecessor-version":[{"id":3502,"href":"https:\/\/grundschule-neisseweg.de\/index.php?rest_route=\/wp\/v2\/pages\/1065\/revisions\/3502"}],"wp:attachment":[{"href":"https:\/\/grundschule-neisseweg.de\/index.php?rest_route=%2Fwp%2Fv2%2Fmedia&parent=1065"}],"curies":[{"name":"wp","href":"https:\/\/api.w.org\/{rel}","templated":true}]}}