{"id":153,"date":"2019-09-27T07:12:24","date_gmt":"2019-09-27T07:12:24","guid":{"rendered":"http:\/\/127.0.0.1\/nw\/?page_id=153"},"modified":"2025-06-27T07:44:05","modified_gmt":"2025-06-27T07:44:05","slug":"schulprofil","status":"publish","type":"page","link":"https:\/\/grundschule-neisseweg.de\/?page_id=153","title":{"rendered":"Schulprofil"},"content":{"rendered":"\n<p>Die Grundschule Nei\u00dfeweg liegt in Zentrumsn\u00e4he im Norden der Stadt G\u00fctersloh. Das Einzugsgebiet ist in sozialer Hinsicht sehr gemischt (Sozialindex 6). In unmittelbarer Nachbarschaft befindet sich die Gesamtschule an der Ahornallee. Im Einzugsbereich der Schule liegen zudem vor allem 3 Kindertagesst\u00e4tten mit denen ein Kooperationsvertrag besteht. Aus weiteren Kindertagesst\u00e4tten der angrenzenden Einzugsbereiche anderer Grundschulen kommen regelm\u00e4\u00dfig gr\u00f6\u00dfere oder kleinere Gruppen Schulanf\u00e4nger zum Nei\u00dfeweg.<br \/>An der Grundschule Nei\u00dfeweg arbeiten im Schuljahr 2024\/2025 28 Lehrerinnen und Lehrer, 1 Sozialp\u00e4dagogin, 3 Sonderp\u00e4dagoginnen, 1 MPT im Gemeinsamen Lernen, 20 Mitarbeiterinnen und Mitarbeiter im Offenen Ganztag \/ Randstunde, 1 Sekret\u00e4rin und 2 Hausmeister gemeinsam daran, den Sch\u00fclerinnen und Sch\u00fclern ein effektives, erfolgreiches Lernen und einen bildungsreichen Tag zu erm\u00f6glichen. An der 3-z\u00fcgigen Grundschule Nei\u00dfeweg lernen zur Zeit 315 Kinder. Seit dem Schuljahr 2022\/23 sind am Standort Nei\u00dfeweg die Bildungsh\u00e4user blau und rot (Jahrgang 1 und 2) sowie am Standort Austernbrede im Geb\u00e4ude der ausgelaufenen Realschule die Bildungsh\u00e4user gelb und gr\u00fcn (Jahrgang 3 und 4) untergebracht. 245 Kinder erleben bei uns ganzt\u00e4giges Lernen im offenen Ganztag, 12 Kinder werden in der Randstunde betreut.<br \/>Zu unserer Schule geh\u00f6rt ein gro\u00dfer Schulhof am Nei\u00dfeweg mit einigen Bewegungsm\u00f6glichkeiten und einer gro\u00dfen Gr\u00fcnfl\u00e4che. Die Schule hat an beiden Standorten eine Turnhalle mit guter Ausstattung. Seit dem Fr\u00fchjahr 2019 erg\u00e4nzt ein Container am Standort Nei\u00dfeweg unser Raumangebot. Dort ist haupts\u00e4chlich die Mensa untergebracht. Am Standort Austernbrede nutzen wir einen kleinen Schulhof, eine Mensa und zwei Geb\u00e4udeteile, die insgesamt viele Aktivit\u00e4ten im musisch-k\u00fcnstlerischen ( besonders unsere EMU-Kids ) sowie im sportlichen Bereich erm\u00f6glichen und die Vielfalt des Zusammenlebens und \u2013arbeitens wiederspiegeln.<\/p>\n<p>\u00a0<\/p>\n<p>\u00a0<\/p>\n<p>\u00a0<\/p>\n<p><br \/><img loading=\"lazy\" decoding=\"async\" class=\" wp-image-618 aligncenter\" src=\"http:\/\/grundschule-neisseweg.de\/wp-content\/uploads\/2019\/09\/schule-1-300x190.jpg\" alt=\"\" width=\"396\" height=\"251\" srcset=\"https:\/\/grundschule-neisseweg.de\/wp-content\/uploads\/2019\/09\/schule-1-300x190.jpg 300w, https:\/\/grundschule-neisseweg.de\/wp-content\/uploads\/2019\/09\/schule-1.jpg 595w\" sizes=\"auto, (max-width: 396px) 100vw, 396px\" \/><br \/><br \/><br \/><br \/><br \/><\/p>\n<p>\u00a0<\/p>\n","protected":false},"excerpt":{"rendered":"<p>Die Grundschule Nei\u00dfeweg liegt in Zentrumsn\u00e4he im Norden der Stadt G\u00fctersloh. Das Einzugsgebiet ist in sozialer Hinsicht sehr gemischt (Sozialindex 6). In unmittelbarer Nachbarschaft befindet sich die Gesamtschule an der Ahornallee. Im Einzugsbereich der Schule liegen zudem vor allem 3 Kindertagesst\u00e4tten mit denen ein Kooperationsvertrag besteht. Aus weiteren Kindertagesst\u00e4tten der angrenzenden Einzugsbereiche anderer Grundschulen kommen regelm\u00e4\u00dfig gr\u00f6\u00dfere oder kleinere Gruppen<\/p>\n","protected":false},"author":1,"featured_media":0,"parent":0,"menu_order":0,"comment_status":"closed","ping_status":"closed","template":"","meta":{"footnotes":""},"class_list":["post-153","page","type-page","status-publish","hentry"],"_links":{"self":[{"href":"https:\/\/grundschule-neisseweg.de\/index.php?rest_route=\/wp\/v2\/pages\/153","targetHints":{"allow":["GET"]}}],"collection":[{"href":"https:\/\/grundschule-neisseweg.de\/index.php?rest_route=\/wp\/v2\/pages"}],"about":[{"href":"https:\/\/grundschule-neisseweg.de\/index.php?rest_route=\/wp\/v2\/types\/page"}],"author":[{"embeddable":true,"href":"https:\/\/grundschule-neisseweg.de\/index.php?rest_route=\/wp\/v2\/users\/1"}],"replies":[{"embeddable":true,"href":"https:\/\/grundschule-neisseweg.de\/index.php?rest_route=%2Fwp%2Fv2%2Fcomments&post=153"}],"version-history":[{"count":11,"href":"https:\/\/grundschule-neisseweg.de\/index.php?rest_route=\/wp\/v2\/pages\/153\/revisions"}],"predecessor-version":[{"id":4576,"href":"https:\/\/grundschule-neisseweg.de\/index.php?rest_route=\/wp\/v2\/pages\/153\/revisions\/4576"}],"wp:attachment":[{"href":"https:\/\/grundschule-neisseweg.de\/index.php?rest_route=%2Fwp%2Fv2%2Fmedia&parent=153"}],"curies":[{"name":"wp","href":"https:\/\/api.w.org\/{rel}","templated":true}]}}