{"id":1656,"date":"2021-08-10T17:39:23","date_gmt":"2021-08-10T17:39:23","guid":{"rendered":"http:\/\/grundschule-neisseweg.de\/?page_id=1656"},"modified":"2024-08-11T15:17:37","modified_gmt":"2024-08-11T15:17:37","slug":"klasse-4c","status":"publish","type":"page","link":"https:\/\/grundschule-neisseweg.de\/?page_id=1656","title":{"rendered":"Klasse 3c"},"content":{"rendered":"\n<h3>Klassenleitungsteam:<\/h3>\n<h3><span style=\"color: #ff6600;\">Frau Schell, Frau K\u00fclzer und Frau Kabitzky<\/span><\/h3>\n<div><\/div>\n\n\n\n<h3>Karneval in der 1c<\/h3>\n<p><img loading=\"lazy\" decoding=\"async\" class=\"alignnone size-medium wp-image-2825\" src=\"http:\/\/grundschule-neisseweg.de\/wp-content\/uploads\/2023\/02\/IMG_8164-300x225.jpg\" alt=\"\" width=\"300\" height=\"225\" srcset=\"https:\/\/grundschule-neisseweg.de\/wp-content\/uploads\/2023\/02\/IMG_8164-300x225.jpg 300w, https:\/\/grundschule-neisseweg.de\/wp-content\/uploads\/2023\/02\/IMG_8164-1024x768.jpg 1024w, https:\/\/grundschule-neisseweg.de\/wp-content\/uploads\/2023\/02\/IMG_8164-768x576.jpg 768w, https:\/\/grundschule-neisseweg.de\/wp-content\/uploads\/2023\/02\/IMG_8164-1536x1152.jpg 1536w, https:\/\/grundschule-neisseweg.de\/wp-content\/uploads\/2023\/02\/IMG_8164.jpg 2016w\" sizes=\"auto, (max-width: 300px) 100vw, 300px\" \/> <img loading=\"lazy\" decoding=\"async\" class=\"alignnone size-medium wp-image-2828\" src=\"http:\/\/grundschule-neisseweg.de\/wp-content\/uploads\/2023\/02\/IMG_8160-300x225.jpg\" alt=\"\" width=\"300\" height=\"225\" srcset=\"https:\/\/grundschule-neisseweg.de\/wp-content\/uploads\/2023\/02\/IMG_8160-300x225.jpg 300w, https:\/\/grundschule-neisseweg.de\/wp-content\/uploads\/2023\/02\/IMG_8160-1024x768.jpg 1024w, https:\/\/grundschule-neisseweg.de\/wp-content\/uploads\/2023\/02\/IMG_8160-768x576.jpg 768w, https:\/\/grundschule-neisseweg.de\/wp-content\/uploads\/2023\/02\/IMG_8160-1536x1152.jpg 1536w, https:\/\/grundschule-neisseweg.de\/wp-content\/uploads\/2023\/02\/IMG_8160.jpg 2016w\" sizes=\"auto, (max-width: 300px) 100vw, 300px\" \/> <img loading=\"lazy\" decoding=\"async\" class=\"alignnone size-medium wp-image-2821\" src=\"http:\/\/grundschule-neisseweg.de\/wp-content\/uploads\/2023\/02\/IMG_8171-300x225.jpg\" alt=\"\" width=\"300\" height=\"225\" srcset=\"https:\/\/grundschule-neisseweg.de\/wp-content\/uploads\/2023\/02\/IMG_8171-300x225.jpg 300w, https:\/\/grundschule-neisseweg.de\/wp-content\/uploads\/2023\/02\/IMG_8171-1024x768.jpg 1024w, https:\/\/grundschule-neisseweg.de\/wp-content\/uploads\/2023\/02\/IMG_8171-768x576.jpg 768w, https:\/\/grundschule-neisseweg.de\/wp-content\/uploads\/2023\/02\/IMG_8171-1536x1152.jpg 1536w, https:\/\/grundschule-neisseweg.de\/wp-content\/uploads\/2023\/02\/IMG_8171.jpg 2016w\" sizes=\"auto, (max-width: 300px) 100vw, 300px\" \/> <img loading=\"lazy\" decoding=\"async\" class=\"alignnone size-medium wp-image-2820\" src=\"http:\/\/grundschule-neisseweg.de\/wp-content\/uploads\/2023\/02\/IMG_8175-300x225.jpg\" alt=\"\" width=\"300\" height=\"225\" srcset=\"https:\/\/grundschule-neisseweg.de\/wp-content\/uploads\/2023\/02\/IMG_8175-300x225.jpg 300w, https:\/\/grundschule-neisseweg.de\/wp-content\/uploads\/2023\/02\/IMG_8175-1024x768.jpg 1024w, https:\/\/grundschule-neisseweg.de\/wp-content\/uploads\/2023\/02\/IMG_8175-768x576.jpg 768w, https:\/\/grundschule-neisseweg.de\/wp-content\/uploads\/2023\/02\/IMG_8175-1536x1152.jpg 1536w, https:\/\/grundschule-neisseweg.de\/wp-content\/uploads\/2023\/02\/IMG_8175.jpg 2016w\" sizes=\"auto, (max-width: 300px) 100vw, 300px\" \/><\/p>\n<p>&nbsp;<\/p>\n\n\n\n<h3>Vogelh\u00e4user<\/h3>\n<p>Aus Milchpackungen haben wir Futterstellen f\u00fcr V\u00f6gel gebastelt und diese auf dem Schulhof aufgeh\u00e4ngt.&nbsp;<\/p>\n<p>&nbsp;<\/p>\n<p><img loading=\"lazy\" decoding=\"async\" class=\"alignnone size-medium wp-image-2836\" src=\"http:\/\/grundschule-neisseweg.de\/wp-content\/uploads\/2023\/02\/image4-225x300.jpeg\" alt=\"\" width=\"225\" height=\"300\" srcset=\"https:\/\/grundschule-neisseweg.de\/wp-content\/uploads\/2023\/02\/image4-225x300.jpeg 225w, https:\/\/grundschule-neisseweg.de\/wp-content\/uploads\/2023\/02\/image4-rotated.jpeg 480w\" sizes=\"auto, (max-width: 225px) 100vw, 225px\" \/> <img loading=\"lazy\" decoding=\"async\" class=\"alignnone size-medium wp-image-2839\" src=\"http:\/\/grundschule-neisseweg.de\/wp-content\/uploads\/2023\/02\/image6-225x300.jpeg\" alt=\"\" width=\"225\" height=\"300\" srcset=\"https:\/\/grundschule-neisseweg.de\/wp-content\/uploads\/2023\/02\/image6-225x300.jpeg 225w, https:\/\/grundschule-neisseweg.de\/wp-content\/uploads\/2023\/02\/image6-rotated.jpeg 480w\" sizes=\"auto, (max-width: 225px) 100vw, 225px\" \/> <img loading=\"lazy\" decoding=\"async\" class=\"alignnone size-medium wp-image-2838\" src=\"http:\/\/grundschule-neisseweg.de\/wp-content\/uploads\/2023\/02\/image1-1-225x300.jpeg\" alt=\"\" width=\"225\" height=\"300\" srcset=\"https:\/\/grundschule-neisseweg.de\/wp-content\/uploads\/2023\/02\/image1-1-225x300.jpeg 225w, https:\/\/grundschule-neisseweg.de\/wp-content\/uploads\/2023\/02\/image1-1-rotated.jpeg 480w\" sizes=\"auto, (max-width: 225px) 100vw, 225px\" \/> <img loading=\"lazy\" decoding=\"async\" class=\"alignnone size-medium wp-image-2837\" src=\"http:\/\/grundschule-neisseweg.de\/wp-content\/uploads\/2023\/02\/image3-225x300.jpeg\" alt=\"\" width=\"225\" height=\"300\" srcset=\"https:\/\/grundschule-neisseweg.de\/wp-content\/uploads\/2023\/02\/image3-225x300.jpeg 225w, https:\/\/grundschule-neisseweg.de\/wp-content\/uploads\/2023\/02\/image3-rotated.jpeg 480w\" sizes=\"auto, (max-width: 225px) 100vw, 225px\" \/> <img loading=\"lazy\" decoding=\"async\" class=\"alignnone size-medium wp-image-2840\" src=\"http:\/\/grundschule-neisseweg.de\/wp-content\/uploads\/2023\/02\/image0-1-225x300.jpeg\" alt=\"\" width=\"225\" height=\"300\" srcset=\"https:\/\/grundschule-neisseweg.de\/wp-content\/uploads\/2023\/02\/image0-1-225x300.jpeg 225w, https:\/\/grundschule-neisseweg.de\/wp-content\/uploads\/2023\/02\/image0-1-rotated.jpeg 480w\" sizes=\"auto, (max-width: 225px) 100vw, 225px\" \/><\/p>\n\n\n\n<h3>Backen und basteln&nbsp;<\/h3>\n<div><\/div>\n<div>&nbsp;<\/div>\n<div>&nbsp;<\/div>\n<div>&nbsp;<\/div>\n<p>&nbsp;<\/p>\n\n\n\n<h3>Unser Ausflug zur Stadtbibliothek<\/h3>\n<p><img loading=\"lazy\" decoding=\"async\" class=\"alignnone wp-image-2731 size-large\" src=\"http:\/\/grundschule-neisseweg.de\/wp-content\/uploads\/2022\/12\/IMG_7698-1-1024x1024.jpg\" alt=\"\" width=\"860\" height=\"860\" srcset=\"https:\/\/grundschule-neisseweg.de\/wp-content\/uploads\/2022\/12\/IMG_7698-1-1024x1024.jpg 1024w, https:\/\/grundschule-neisseweg.de\/wp-content\/uploads\/2022\/12\/IMG_7698-1-300x300.jpg 300w, https:\/\/grundschule-neisseweg.de\/wp-content\/uploads\/2022\/12\/IMG_7698-1-150x150.jpg 150w, https:\/\/grundschule-neisseweg.de\/wp-content\/uploads\/2022\/12\/IMG_7698-1-768x768.jpg 768w, https:\/\/grundschule-neisseweg.de\/wp-content\/uploads\/2022\/12\/IMG_7698-1-1536x1536.jpg 1536w, https:\/\/grundschule-neisseweg.de\/wp-content\/uploads\/2022\/12\/IMG_7698-1-2048x2048.jpg 2048w, https:\/\/grundschule-neisseweg.de\/wp-content\/uploads\/2022\/12\/IMG_7698-1-80x80.jpg 80w\" sizes=\"auto, (max-width: 860px) 100vw, 860px\" \/><\/p>\n","protected":false},"excerpt":{"rendered":"<p>Klassenleitungsteam: Frau Schell, Frau K\u00fclzer und Frau Kabitzky Karneval in der 1c &nbsp; Vogelh\u00e4user Aus Milchpackungen haben wir Futterstellen f\u00fcr V\u00f6gel gebastelt und diese auf dem Schulhof aufgeh\u00e4ngt.&nbsp; &nbsp; Backen und basteln&nbsp; &nbsp; &nbsp; &nbsp; &nbsp; Unser Ausflug zur Stadtbibliothek<\/p>\n","protected":false},"author":3,"featured_media":0,"parent":0,"menu_order":0,"comment_status":"closed","ping_status":"closed","template":"","meta":{"footnotes":""},"class_list":["post-1656","page","type-page","status-publish","hentry"],"_links":{"self":[{"href":"https:\/\/grundschule-neisseweg.de\/index.php?rest_route=\/wp\/v2\/pages\/1656","targetHints":{"allow":["GET"]}}],"collection":[{"href":"https:\/\/grundschule-neisseweg.de\/index.php?rest_route=\/wp\/v2\/pages"}],"about":[{"href":"https:\/\/grundschule-neisseweg.de\/index.php?rest_route=\/wp\/v2\/types\/page"}],"author":[{"embeddable":true,"href":"https:\/\/grundschule-neisseweg.de\/index.php?rest_route=\/wp\/v2\/users\/3"}],"replies":[{"embeddable":true,"href":"https:\/\/grundschule-neisseweg.de\/index.php?rest_route=%2Fwp%2Fv2%2Fcomments&post=1656"}],"version-history":[{"count":16,"href":"https:\/\/grundschule-neisseweg.de\/index.php?rest_route=\/wp\/v2\/pages\/1656\/revisions"}],"predecessor-version":[{"id":3815,"href":"https:\/\/grundschule-neisseweg.de\/index.php?rest_route=\/wp\/v2\/pages\/1656\/revisions\/3815"}],"wp:attachment":[{"href":"https:\/\/grundschule-neisseweg.de\/index.php?rest_route=%2Fwp%2Fv2%2Fmedia&parent=1656"}],"curies":[{"name":"wp","href":"https:\/\/api.w.org\/{rel}","templated":true}]}}