{"id":4429,"date":"2025-05-08T07:48:36","date_gmt":"2025-05-08T07:48:36","guid":{"rendered":"https:\/\/grundschule-neisseweg.de\/?page_id=4429"},"modified":"2025-05-08T07:54:06","modified_gmt":"2025-05-08T07:54:06","slug":"die-buehnenbande","status":"publish","type":"page","link":"https:\/\/grundschule-neisseweg.de\/?page_id=4429","title":{"rendered":"Die B\u00fchnenbande"},"content":{"rendered":"\n<p><\/p>\n\n\n\n<h3>Die B\u00fchnenbande stellt sich vor!<\/h3>\n<p>Wir sind die B\u00fchnenbande, die neue Theatergruppe des 4. Jahrgangs. Wir \u00fcben nicht nur unsere Rolle, sondern entwickeln mit Unterst\u00fctzung von Frau H\u00fcnneke-M\u00fcller und Frau Barthold auch unser eigenes St\u00fcck. Doch Theater ist viel mehr als nur Schauspiel! Neben den Proben wird flei\u00dfig gewerkelt:<\/p>\n<p>Wir gestalten Kulisse, basteln Masken und \u00fcberlegen uns, wie wir unsere Geschichte zum Leben erwecken. Jeder bringt seine Ideen ein \u2013 ob beim Spielen, Malen, S\u00e4gen, Schneiden oder Bauen. Bei komplizierteren Werkzeugarbeiten steht uns unser Hausmeister Herr Plassmann stets hilfreich zur Seite. Er hat oft prima L\u00f6sungsideen die uns bei der Umsetzung helfen. Zus\u00e4tzlich bekommen wir von unseren EMU-Kindern, angeleitet von der Schule f\u00fcr Musik und Kunst, musikalische Unterst\u00fctzung! Das ist echt klasse, wenn von allen Seiten unser Tun gest\u00e4rkt wird.<\/p>\n<p>Am Anfang standen wir als gemischte Jahrgangsgruppe zusammen. Bevor wir \u00fcberhaupt an ein Theaterst\u00fcck denken konnten, mussten wir zun\u00e4chst eine richtige Gruppengemeinschaft werden. Mit vielen theaterp\u00e4dagogischen Spielen, mit viel Lachen und Spa\u00df sind wir nach und nach aufgetaut und zusammengewachsen.<\/p>\n<p>Wir lachen miteinander, probieren uns aus, helfen uns gegenseitig, erfinden Bewegungen und lernen einander zuzuh\u00f6ren und die St\u00e4rken eines jeden mit zu integrieren. Spiel f\u00fcr Spiel wuchs unser Teamgeist. Aus stillen Kindern wurden mutige Spieler*innen, aber vor allem macht es riesig Spa\u00df!<\/p>\n<p>Wir haben fest vor eine erste Auff\u00fchrung zum Schuljahresende, als Abschluss unserer Grundschulzeit zu pr\u00e4sentieren. Welches St\u00fcck wir spielen, bleibt noch geheim. Wir freuen uns schon drauf, euch unser K\u00f6nnen zeigen zu d\u00fcrfen!<\/p>\n<div><\/div>\n<p>\u00a0<\/p>\n\n\n\n\n\n<h3><strong><u>O \u2013 T\u00f6ne aus der Theatergruppe \u201eB\u00fchnenbande\u201c<\/u><\/strong><\/h3>\n<p><strong>Mia:<\/strong> Ich finde das schauspielern cool, weil ich will mal Schauspielerin werden! Der Kreativit\u00e4t freien Lauf lassen d\u00fcrfen macht total Spa\u00df. Ich bin freudig aufgeregt, wenn wir auff\u00fchren!<\/p>\n<p><strong>Antonia:<\/strong> Besonders klasse ist, dass wir keine Texte auswendig lernen m\u00fcssen. Wir machen unsere Texte selbst.<\/p>\n<p><strong>Milay:<\/strong> Mir gef\u00e4llt besonders, dass es immer spa\u00dfig ist und das ich mich immer mehr traue.<\/p>\n<p><strong>Evgenija:<\/strong> Toll ist, dass wir so viel Lachen. Die Theater-Spiele finde ich super gut! Ich bin gl\u00fccklich wenn wir vor Publikum spielen.<\/p>\n<p><strong>Julia:<\/strong> Ich finde alles an der Theater AG klasse! Die Gruppe ist super nett und wir helfen uns gegenseitig!<\/p>\n<p><strong>Maila:<\/strong> Die Theaterspiele machen immer total viel Spa\u00df. Das Proben der Szenen ist anstrengend aber mir macht es riesig Spa\u00df! Unsere Theaterlehrerinnen finde ich total nett. Wir sind alle immer spa\u00dfig!<\/p>\n<p><strong>Cataleya:<\/strong> Ich liebe es neue Dinge auszuprobieren, daf\u00fcr ist die Theater AG genau richtig. Z.B. wie man pantomimische Figuren oder Szenen darstellt. Ohne sprechen! Richtig cool! Masken und Kulissen selbst herstellen macht echt Spa\u00df! Alles ist wie ein echtes Theater!<\/p>\n<p><strong>Stefan:<\/strong> Mir gefallen am besten die Theaterspiele! Die machen voll Spa\u00df und wir m\u00fcssen so viel lachen. Ich finde es cool, dass wir am Ende eine Auff\u00fchrung machen obwohl ich auch sehr aufgeregt bin. Ich bin mit Nathan der einzige Junge in der Theater AG. Jungs, traut euch Theater zu spielen, es macht voll Spa\u00df!<\/p>\n<p><strong>Nathan:<\/strong> Ich habe keine Angst auf der B\u00fchne! Ich freue mich schon total auf unseren Auftritt. Theater spielen ist echt super. Ein tolles Erlebnis!<\/p>\n<p><strong>Leonie:<\/strong> Ich finde die Spiele die wir spielen richtig toll. Insgesamt ist alles mega cool!<\/p>\n<p><strong>Neele:<\/strong> Mir macht alles an der Theater AG Spa\u00df!<\/p>\n<p><strong>Amina:<\/strong> Die Theater AG ist mega cool. Am tollsten finde ich, dass wir am Ende eine Auff\u00fchrung machen! Das wird spa\u00dfig!<\/p>\n<p><strong>Leen:<\/strong> Ich finde Theater spielen richtig gut. Die Proben machen viel Spa\u00df! Krativ sein macht voll Spa\u00df!<\/p>\n<p><strong>Reina:<\/strong> Mir macht es viel Spa\u00df, vor allem die Spiele!<\/p>\n<p><strong>Sophia:<\/strong> Ich finde es nicht nur cool sondern mega, mega cool. Die Theaterspiele und die Proben machen voll Spa\u00df. Wir proben ja nicht nur sondern wir machen auch kreative Sachen. Das gef\u00e4llt mir gut!<\/p>\n<p><strong>Anisa:<\/strong> Die AG ist toll und ich mag die Spiele und die Proben. Ich freue mich auch schon sehr auf die Auff\u00fchrung. Das wird aufregend!<\/p>\n<p><strong>Emilia: <\/strong>Die Theater AG macht mir voll Spa\u00df! Ich bin gerne auf der B\u00fchne und freue mich auf die Auff\u00fchrung!<\/p>\n<p><strong>Nadja:<\/strong> Mir macht die ganze Theater AG viel Spa\u00df! Ich freue mich wenn wieder Montag ist und wir uns zur Probe treffen.<\/p>\n<p><strong>Frau H\u00fcnneke-M\u00fcller und Frau Barthold:<\/strong> Ihr seit eine richtig tolle B\u00fchnenbande! Es macht Spa\u00df zu sp\u00fcren und zu sehen wieviel Freude ihr am Theaterspielen und an den kreativen Dingen habt!<\/p>\n","protected":false},"excerpt":{"rendered":"<p>Die B\u00fchnenbande stellt sich vor! Wir sind die B\u00fchnenbande, die neue Theatergruppe des 4. Jahrgangs. Wir \u00fcben nicht nur unsere Rolle, sondern entwickeln mit Unterst\u00fctzung von Frau H\u00fcnneke-M\u00fcller und Frau Barthold auch unser eigenes St\u00fcck. Doch Theater ist viel mehr als nur Schauspiel! Neben den Proben wird flei\u00dfig gewerkelt: Wir gestalten Kulisse, basteln Masken und \u00fcberlegen uns, wie wir unsere<\/p>\n","protected":false},"author":2,"featured_media":0,"parent":0,"menu_order":0,"comment_status":"closed","ping_status":"closed","template":"","meta":{"footnotes":""},"class_list":["post-4429","page","type-page","status-publish","hentry"],"_links":{"self":[{"href":"https:\/\/grundschule-neisseweg.de\/index.php?rest_route=\/wp\/v2\/pages\/4429","targetHints":{"allow":["GET"]}}],"collection":[{"href":"https:\/\/grundschule-neisseweg.de\/index.php?rest_route=\/wp\/v2\/pages"}],"about":[{"href":"https:\/\/grundschule-neisseweg.de\/index.php?rest_route=\/wp\/v2\/types\/page"}],"author":[{"embeddable":true,"href":"https:\/\/grundschule-neisseweg.de\/index.php?rest_route=\/wp\/v2\/users\/2"}],"replies":[{"embeddable":true,"href":"https:\/\/grundschule-neisseweg.de\/index.php?rest_route=%2Fwp%2Fv2%2Fcomments&post=4429"}],"version-history":[{"count":4,"href":"https:\/\/grundschule-neisseweg.de\/index.php?rest_route=\/wp\/v2\/pages\/4429\/revisions"}],"predecessor-version":[{"id":4435,"href":"https:\/\/grundschule-neisseweg.de\/index.php?rest_route=\/wp\/v2\/pages\/4429\/revisions\/4435"}],"wp:attachment":[{"href":"https:\/\/grundschule-neisseweg.de\/index.php?rest_route=%2Fwp%2Fv2%2Fmedia&parent=4429"}],"curies":[{"name":"wp","href":"https:\/\/api.w.org\/{rel}","templated":true}]}}