{"id":63,"date":"2019-09-12T17:36:13","date_gmt":"2019-09-12T17:36:13","guid":{"rendered":"http:\/\/127.0.0.1\/nw\/?page_id=63"},"modified":"2025-07-03T09:39:33","modified_gmt":"2025-07-03T09:39:33","slug":"soziales-lernen","status":"publish","type":"page","link":"https:\/\/grundschule-neisseweg.de\/?page_id=63","title":{"rendered":"Projekte"},"content":{"rendered":"\n<div class=\"wp-block-columns has-2-columns is-layout-flex wp-container-core-columns-is-layout-9d6595d7 wp-block-columns-is-layout-flex\">\n<div class=\"wp-block-column is-layout-flow wp-block-column-is-layout-flow\">\n<p>\u00a0<\/p>\n<p>An unsere Schule gibt es verschiedene Projekte und Aktionen um das soziale Miteinander der Kinder zu st\u00e4rken. Dazu z\u00e4hlen unter anderem \u00a0w\u00f6chentliche Gespr\u00e4chskreise (Klassenrat), Bildungshaustreffen, \u00a0Kindersprechtage und auch unser Sch\u00fclerparlament.<\/p>\n<p>Aber auch die Lernm\u00e4use, Lies mit, die Kraniche, EMU-Kids, die B\u00fchnenbande, die Schulzeitung und digitale Angebote z\u00e4hlen zu unseren wichtigen Projekten.<\/p>\n<\/div>\n<\/div>\n","protected":false},"excerpt":{"rendered":"<p>\u00a0 An unsere Schule gibt es verschiedene Projekte und Aktionen um das soziale Miteinander der Kinder zu st\u00e4rken. Dazu z\u00e4hlen unter anderem \u00a0w\u00f6chentliche Gespr\u00e4chskreise (Klassenrat), Bildungshaustreffen, \u00a0Kindersprechtage und auch unser Sch\u00fclerparlament. Aber auch die Lernm\u00e4use, Lies mit, die Kraniche, EMU-Kids, die B\u00fchnenbande, die Schulzeitung und digitale Angebote z\u00e4hlen zu unseren wichtigen Projekten.<\/p>\n","protected":false},"author":1,"featured_media":0,"parent":0,"menu_order":0,"comment_status":"closed","ping_status":"closed","template":"","meta":{"footnotes":""},"class_list":["post-63","page","type-page","status-publish","hentry"],"_links":{"self":[{"href":"https:\/\/grundschule-neisseweg.de\/index.php?rest_route=\/wp\/v2\/pages\/63","targetHints":{"allow":["GET"]}}],"collection":[{"href":"https:\/\/grundschule-neisseweg.de\/index.php?rest_route=\/wp\/v2\/pages"}],"about":[{"href":"https:\/\/grundschule-neisseweg.de\/index.php?rest_route=\/wp\/v2\/types\/page"}],"author":[{"embeddable":true,"href":"https:\/\/grundschule-neisseweg.de\/index.php?rest_route=\/wp\/v2\/users\/1"}],"replies":[{"embeddable":true,"href":"https:\/\/grundschule-neisseweg.de\/index.php?rest_route=%2Fwp%2Fv2%2Fcomments&post=63"}],"version-history":[{"count":7,"href":"https:\/\/grundschule-neisseweg.de\/index.php?rest_route=\/wp\/v2\/pages\/63\/revisions"}],"predecessor-version":[{"id":4579,"href":"https:\/\/grundschule-neisseweg.de\/index.php?rest_route=\/wp\/v2\/pages\/63\/revisions\/4579"}],"wp:attachment":[{"href":"https:\/\/grundschule-neisseweg.de\/index.php?rest_route=%2Fwp%2Fv2%2Fmedia&parent=63"}],"curies":[{"name":"wp","href":"https:\/\/api.w.org\/{rel}","templated":true}]}}