{"id":67,"date":"2019-09-12T17:36:48","date_gmt":"2019-09-12T17:36:48","guid":{"rendered":"http:\/\/127.0.0.1\/nw\/?page_id=67"},"modified":"2019-11-03T12:13:39","modified_gmt":"2019-11-03T12:13:39","slug":"gesundheit-bewegung","status":"publish","type":"page","link":"https:\/\/grundschule-neisseweg.de\/?page_id=67","title":{"rendered":"Gesundheit &#038; Bewegung"},"content":{"rendered":"\n<div class=\"wp-block-columns has-2-columns is-layout-flex wp-container-core-columns-is-layout-9d6595d7 wp-block-columns-is-layout-flex\">\n<div class=\"wp-block-column is-layout-flow wp-block-column-is-layout-flow\">\n<p>Gesundheit und Bewegung sind elementare Voraussetzungen f\u00fcr effektives Lernen in der Schule. So ist es uns ein wesentliches Anliegen, unsere Sch\u00fcler zu einem gesundheitsbewussten und bewegungsreichen Leben in und au\u00dferhalb von Schule zu motivieren.<\/p>\n\n\n\n<h3 class=\"wp-block-heading\">Gesundes Fr\u00fchst\u00fcck<\/h3>\n\n\n\n<p>Regelm\u00e4\u00dfig findet ein Fr\u00fchst\u00fccksbuffet f\u00fcr alle Klassen der Grundschule statt. Dieses wird jeweils wechselnd von Sch\u00fclerinnen und Sch\u00fclern eines Jahrgangs vorbereitet. Ein Klassiker ist mittlerweile, der von Jahrgang 1 zubereitete Erdbeer-Quark kurz vor den Sommerferien.<\/p>\n<\/div>\n\n\n\n<div class=\"wp-block-column is-layout-flow wp-block-column-is-layout-flow\">\n<figure class=\"wp-block-image\"><img loading=\"lazy\" decoding=\"async\" width=\"350\" height=\"263\" src=\"http:\/\/grundschule-neisseweg.de\/wp-content\/uploads\/2019\/09\/gesundheit-1.jpg\" alt=\"\" class=\"wp-image-553\" srcset=\"https:\/\/grundschule-neisseweg.de\/wp-content\/uploads\/2019\/09\/gesundheit-1.jpg 350w, https:\/\/grundschule-neisseweg.de\/wp-content\/uploads\/2019\/09\/gesundheit-1-300x225.jpg 300w\" sizes=\"auto, (max-width: 350px) 100vw, 350px\" \/><\/figure>\n<\/div>\n<\/div>\n\n\n\n<h3 class=\"wp-block-heading\">Klasse 2000<\/h3>\n\n\n\n<p>Alle Klassen unserer Schule nehmen am Projekt Klasse 2000 teil. Gesundheitsf\u00f6rderer kommen zu uns in die Schule und erarbeiten mit den Kindern der einzelnen Klassen verschiedene Themen rund um die Gesundheit. Das Projekt wird finanziell sehr von der IKK\u00a0 unterst\u00fctzt.<\/p>\n\n\n\n<h3 class=\"wp-block-heading\"><strong>Psychomotorik<\/strong><\/h3>\n\n\n\n<p>In den letzten Schuljahren konnten wir in Zusammenarbeit mit dem SPI-G\u00fctersloh Psychomotorik-Kurse u.a. im Rahmen der Vormittags-AGs der Ganztagsklassen anbieten.<\/p>\n\n\n\n<p style=\"text-align: left;\">Bausteine wie gesunde Ern\u00e4hrung, K\u00f6rperbewusstsein, Sexualerziehung, Zahngesundheit und anderes mehr wurden in ein Curriculum eingebaut, das \u00fcber die Inhalte des Sachunterrichts hinausgeht. <a href=\"http:\/\/grundschule-neisseweg.de\/?page_id=290\">Weiterlesen&#8230;<\/a><\/p>\n","protected":false},"excerpt":{"rendered":"<p>Gesundheit und Bewegung sind elementare Voraussetzungen f\u00fcr effektives Lernen in der Schule. So ist es uns ein wesentliches Anliegen, unsere Sch\u00fcler zu einem gesundheitsbewussten und bewegungsreichen Leben in und au\u00dferhalb von Schule zu motivieren. Gesundes Fr\u00fchst\u00fcck Regelm\u00e4\u00dfig findet ein Fr\u00fchst\u00fccksbuffet f\u00fcr alle Klassen der Grundschule statt. Dieses wird jeweils wechselnd von Sch\u00fclerinnen und Sch\u00fclern eines Jahrgangs vorbereitet. Ein Klassiker ist<\/p>\n","protected":false},"author":1,"featured_media":0,"parent":0,"menu_order":0,"comment_status":"closed","ping_status":"closed","template":"","meta":{"footnotes":""},"class_list":["post-67","page","type-page","status-publish","hentry"],"_links":{"self":[{"href":"https:\/\/grundschule-neisseweg.de\/index.php?rest_route=\/wp\/v2\/pages\/67","targetHints":{"allow":["GET"]}}],"collection":[{"href":"https:\/\/grundschule-neisseweg.de\/index.php?rest_route=\/wp\/v2\/pages"}],"about":[{"href":"https:\/\/grundschule-neisseweg.de\/index.php?rest_route=\/wp\/v2\/types\/page"}],"author":[{"embeddable":true,"href":"https:\/\/grundschule-neisseweg.de\/index.php?rest_route=\/wp\/v2\/users\/1"}],"replies":[{"embeddable":true,"href":"https:\/\/grundschule-neisseweg.de\/index.php?rest_route=%2Fwp%2Fv2%2Fcomments&post=67"}],"version-history":[{"count":4,"href":"https:\/\/grundschule-neisseweg.de\/index.php?rest_route=\/wp\/v2\/pages\/67\/revisions"}],"predecessor-version":[{"id":719,"href":"https:\/\/grundschule-neisseweg.de\/index.php?rest_route=\/wp\/v2\/pages\/67\/revisions\/719"}],"wp:attachment":[{"href":"https:\/\/grundschule-neisseweg.de\/index.php?rest_route=%2Fwp%2Fv2%2Fmedia&parent=67"}],"curies":[{"name":"wp","href":"https:\/\/api.w.org\/{rel}","templated":true}]}}