{"id":69,"date":"2019-09-12T17:37:03","date_gmt":"2019-09-12T17:37:03","guid":{"rendered":"http:\/\/127.0.0.1\/nw\/?page_id=69"},"modified":"2020-03-29T17:58:50","modified_gmt":"2020-03-29T17:58:50","slug":"asthetische-erziehung","status":"publish","type":"page","link":"https:\/\/grundschule-neisseweg.de\/?page_id=69","title":{"rendered":"\u00c4sthetische Erziehung"},"content":{"rendered":"\n<div class=\"wp-block-columns has-2-columns is-layout-flex wp-container-core-columns-is-layout-9d6595d7 wp-block-columns-is-layout-flex\">\n<div class=\"wp-block-column is-layout-flow wp-block-column-is-layout-flow\">\n<p>Kreativit\u00e4t stellt in der heutigen Gesellschaft ein hohes Gut dar. Zuk\u00fcnftig wird es nicht ausreichen Wissen abzurufen, es wird viel mehr darum gehen Kinder zu bef\u00e4higen kreativ denkend an Probleme heranzugehen und diese auf Grundlage erworbener Kompetenzen zu l\u00f6sen. In einer Zeit der multimedialen Umwelt und der damit verbundenen Reiz\u00fcberflutung gerade des H\u00f6r- und Sehsinnes der Kinder spielt die \u00c4sthetische Erziehung eine wesentliche Rolle.<\/p>\n<\/div>\n\n\n\n<div class=\"wp-block-column is-layout-flow wp-block-column-is-layout-flow\">\n<figure class=\"wp-block-image\"><img loading=\"lazy\" decoding=\"async\" width=\"350\" height=\"263\" src=\"http:\/\/grundschule-neisseweg.de\/wp-content\/uploads\/2019\/09\/tease_trommeln-2.jpg\" alt=\"\" class=\"wp-image-569\" srcset=\"https:\/\/grundschule-neisseweg.de\/wp-content\/uploads\/2019\/09\/tease_trommeln-2.jpg 350w, https:\/\/grundschule-neisseweg.de\/wp-content\/uploads\/2019\/09\/tease_trommeln-2-300x225.jpg 300w\" sizes=\"auto, (max-width: 350px) 100vw, 350px\" \/><\/figure>\n\n\n\n<p><\/p>\n<\/div>\n<\/div>\n\n\n\n<ul class=\"wp-block-list\"><li>\u00c4sthetische Erziehung wird an unserer Schule f\u00e4cher\u00fcbergreifend an den unterschiedlichsten Ankn\u00fcpfungspunkten ber\u00fccksichtigt. <a href=\"https:\/\/grundschule-neisseweg.de\/?page_id=424\">Weiterlesen&#8230;<\/a><\/li><li>Unser Ganztagszweig bietet Angebote aus den Bereichen Musik, Tanz,  Kunst, Theater oder Werken an, die die Kinder in ihren  k\u00fcnstlerisch-musischen F\u00e4higkeiten f\u00f6rdern. <a href=\"https:\/\/grundschule-neisseweg.de\/?page_id=294\">Weiterlesen&#8230;<\/a><\/li><li>EMU-Kids: Im 3. und 4. Schuljahr k\u00f6nnen die Kinder bei erfahrenen Musikp\u00e4dagogen gemeinsam musizieren und folgende Instrumente lernen: Gitarre, Cajon, Gesang, Keyboard. Hier weiterlesen: <a href=\"http:\/\/grundschule-neisseweg.de\/?page_id=1065\">http:\/\/grundschule-neisseweg.de\/?page_id=1065<\/a> <\/li><\/ul>\n\n\n\n<p><\/p>\n","protected":false},"excerpt":{"rendered":"<p>Kreativit\u00e4t stellt in der heutigen Gesellschaft ein hohes Gut dar. Zuk\u00fcnftig wird es nicht ausreichen Wissen abzurufen, es wird viel mehr darum gehen Kinder zu bef\u00e4higen kreativ denkend an Probleme heranzugehen und diese auf Grundlage erworbener Kompetenzen zu l\u00f6sen. In einer Zeit der multimedialen Umwelt und der damit verbundenen Reiz\u00fcberflutung gerade des H\u00f6r- und Sehsinnes der Kinder spielt die \u00c4sthetische<\/p>\n","protected":false},"author":1,"featured_media":0,"parent":0,"menu_order":0,"comment_status":"closed","ping_status":"closed","template":"","meta":{"footnotes":""},"class_list":["post-69","page","type-page","status-publish","hentry"],"_links":{"self":[{"href":"https:\/\/grundschule-neisseweg.de\/index.php?rest_route=\/wp\/v2\/pages\/69","targetHints":{"allow":["GET"]}}],"collection":[{"href":"https:\/\/grundschule-neisseweg.de\/index.php?rest_route=\/wp\/v2\/pages"}],"about":[{"href":"https:\/\/grundschule-neisseweg.de\/index.php?rest_route=\/wp\/v2\/types\/page"}],"author":[{"embeddable":true,"href":"https:\/\/grundschule-neisseweg.de\/index.php?rest_route=\/wp\/v2\/users\/1"}],"replies":[{"embeddable":true,"href":"https:\/\/grundschule-neisseweg.de\/index.php?rest_route=%2Fwp%2Fv2%2Fcomments&post=69"}],"version-history":[{"count":5,"href":"https:\/\/grundschule-neisseweg.de\/index.php?rest_route=\/wp\/v2\/pages\/69\/revisions"}],"predecessor-version":[{"id":1069,"href":"https:\/\/grundschule-neisseweg.de\/index.php?rest_route=\/wp\/v2\/pages\/69\/revisions\/1069"}],"wp:attachment":[{"href":"https:\/\/grundschule-neisseweg.de\/index.php?rest_route=%2Fwp%2Fv2%2Fmedia&parent=69"}],"curies":[{"name":"wp","href":"https:\/\/api.w.org\/{rel}","templated":true}]}}