{"id":696,"date":"2019-10-16T19:08:31","date_gmt":"2019-10-16T19:08:31","guid":{"rendered":"http:\/\/grundschule-neisseweg.de\/?page_id=696"},"modified":"2026-04-18T14:46:39","modified_gmt":"2026-04-18T14:46:39","slug":"aktionen","status":"publish","type":"page","link":"https:\/\/grundschule-neisseweg.de\/?page_id=696","title":{"rendered":"Aktionen"},"content":{"rendered":"\n<h3>Das erste Buch<\/h3>\n<p>Im letzten Jahr durften die Kinder des jetzigen gr\u00fcnen Bildungshauses an der Erstellung des &#8222;ersten Buches&#8220; mitarbeiten und haben daf\u00fcr Bilder gemalt und Geschichten geschrieben. Zwei Geschichten und mehrere Bilder haben es in das Buch geschafft. Am Montag wurden die B\u00fccher den Kindern aus dem blauen Bildungshaus \u00fcberreicht und es wurde gemeinsam in den B\u00fcchern geschm\u00f6kert und gelesen.&nbsp;<\/p>\n<div><\/div>\n<p>&nbsp;<\/p>\n\n\n\n<h3>Konzert der EMU-Kids Gitarre<\/h3>\n<p>Im letzten Halbjahr haben die Kinder aus dem vierten Jahrgang wieder tolle Lieder erlernt und gespielt. Am Freitag wurden diese pr\u00e4sentiert und das gr\u00fcne Bildungshaus hat die ersten Lieder f\u00fcr &#8222;Klasse wir singen&#8220; gemeinschaftlich gesungen.<\/p>\n<div><\/div>\n<p>&nbsp;<\/p>\n\n\n\n<h3>Karneval<\/h3>\n<p>Am Donnerstag wurde in den Klassen und in den Bildungsh\u00e4usern Karneval gefeiert. In der Turnhalle konnte geklettert und getobt werden.<\/p>\n<div><\/div>\n<p>&nbsp;<\/p>\n\n\n\n<h3>Er\u00f6ffnung des Neubaus<\/h3>\n<p>Am 03.02.2026 wurde unser Neubau durch die Bildungshaussprecher*innen feierlich er\u00f6ffnet.&nbsp;<\/p>\n<div><\/div>\n<p>&nbsp;<\/p>\n\n\n\n<h3>Winterdisco<\/h3>\n<p>Zum zweiten Mal fand in unserer Schule die Winterdisco statt. Organisiert wurde diese durch den Schulverein. Viele helfende H\u00e4nde sowie feiernde Kinder haben das Fest zum gro\u00dfen Erfolg gemacht. Vielen Dank an alle Beteiligten!<\/p>\n<div><\/div>\n<p>&nbsp;<\/p>\n\n\n\n<h3>Weihnachtsfeier<\/h3>\n<p>Heute haben sich alle Klassen f\u00fcr eine gemeinsame Weihnachtsfeier getroffen. Dies hat in der der Turnhalle am Nei\u00dfeweg stattgefunden. Aus jedem Jahrgang hat eine Klasse ein Lied pr\u00e4sentiert. Nun w\u00fcnschen wir frohe Weihnachten und einen guten Rutsch ins neue Jahr.<\/p>\n<div><\/div>\n<p>&nbsp;<\/p>\n\n\n\n<h3>Adventskreis 2025<\/h3>\n<p>W\u00e4hrend der Adventszeit treffen sich die Klassen montags morgens f\u00fcr einen Adventskreis. An beiden Standorten werden Lieder, Gedichte oder K\u00fcnstst\u00fccke pr\u00e4sentiert.&nbsp;<\/p>\n<div><\/div>\n\n\n\n<p><\/p>\n\n\n\n<p><\/p>\n\n\n\n<p><\/p>\n\n\n\n<p><\/p>\n\n\n\n<h3>Wir wollen mobbingfrei!<\/h3>\n<p>Am 5.11.2025 besuchte Tom Lehel mit seinem Programm <em>Wir wollen mobbingfrei!<\/em> unsere Schule am Standort Austernbrede. Die Kinder haben viele Informationen zum Thema Mobbing erhalten und gemeinsam erarbeitet, wie man sich in solchen Situationen verhalten kann. Mit Musik und Tanz hat das Thema alle gepackt!<\/p>\n<div><\/div>\n<p>&nbsp;<\/p>\n\n\n\n<h3>Landratscup 2025<\/h3>\n<p><img loading=\"lazy\" decoding=\"async\" class=\"alignleft size-medium wp-image-4529\" src=\"http:\/\/grundschule-neisseweg.de\/wp-content\/uploads\/2025\/06\/IMG_0947-300x225.jpg\" alt=\"\" width=\"300\" height=\"225\" srcset=\"https:\/\/grundschule-neisseweg.de\/wp-content\/uploads\/2025\/06\/IMG_0947-300x225.jpg 300w, https:\/\/grundschule-neisseweg.de\/wp-content\/uploads\/2025\/06\/IMG_0947.jpg 640w\" sizes=\"auto, (max-width: 300px) 100vw, 300px\" \/><\/p>\n<p>&nbsp;<\/p>\n<p>&nbsp;<\/p>\n<p>Am 24.06.2025 nahm unsere Grundschule mit 13 Kindern am Landratscup teil \u2013 bei gutem, aber windigem Wetter zeigten die Kinder gro\u00dfen Einsatz. In der Gruppenphase erreichten wir den 3. Platz von vier Mannschaften und gewannen anschlie\u00dfend das Spiel gegen den Drittplatzierten einer anderen Gruppe. Besonders spannend war unser Unentschieden, das hart umk\u00e4mpft war und f\u00fcr viel Aufregung sorgte. Am Ende gab es f\u00fcr uns Teilnehmerurkunden, einen Fu\u00dfball als Preis \u2013 und die Hoffnung, im n\u00e4chsten Jahr vielleicht auch den Pokal zu holen, den diesmal die Grundschule Kaunitz-Bornholte gewann.<\/p>\n<p>&nbsp;<\/p>\n<h3>Sport- und Spielefest<\/h3>\n<p>Heute war ein besonderer Tag an unserer Grundschule! Unser Sport- und Spielfest hat f\u00fcr viel Freude, Bewegung und Gemeinschaft gesorgt. Die Sch\u00fclerinnen und Sch\u00fcler haben bei verschiedenen spannenden Spielen, Wettk\u00e4mpfen und Aktivit\u00e4ten ihr K\u00f6nnen gezeigt und gemeinsam viel Spa\u00df gehabt.<\/p>\n<p>Das Wetter hat perfekt mitgespielt, sodass alle Kinder drau\u00dfen aktiv sein konnten. Ein gro\u00dfes Dankesch\u00f6n an alle Eltern und Helfer, die dieses tolle Fest m\u00f6glich gemacht haben.<\/p>\n<div><\/div>\n<p>&nbsp;<\/p>\n<p>&nbsp;<\/p>\n<p>&nbsp;<\/p>\n<p>&nbsp;<\/p>\n\n\n\n<h3>Menschenkicker<\/h3>\n<p>Am vergangenen Samstag war es endlich soweit: Bei bestem Wetter fand unser Menschenkicker-Turnier statt. Es gab spannende Spiele und super Stimmung &#8211; ein voller Erfolg.<\/p>\n<p>Dazu gab es leckeren Kaffee, selbstgebackenen Kuchen und W\u00fcrstchen vom Grill. Ein herzliches Dankesch\u00f6n an alle&nbsp; Helfer*innen, Spieler*innen und Besucher*innen!&nbsp;<\/p>\n<div><\/div>\n\n\n\n<h3>Lesefest<\/h3>\n<p>Am Freitag hat an unserer Schule ein gro\u00dfes Lesefest stattgefunden. An beiden Standorten waren die Eltern eingeladen um in unserem Leseband zu hospitieren und sich \u00fcber die Methoden im Eltern-Caf\u00e9 auszutauschen. Anschlie\u00dfend begann das gro\u00dfe Fest f\u00fcr die Kinder zum Thema Hexerei und Zauberei. Es wurde gebastelt, gespielt, probiert und gelesen.&nbsp;<\/p>\n<div><\/div>\n<p>&nbsp;<\/p>\n<p>&nbsp;<\/p>\n\n\n\n<h3>Robin Hood<\/h3>\n<p>Am 13.03.2025 wurde in der Turnhalle am Nei\u00dfeweg <em>Robin Hood<\/em> aufgef\u00fchrt. Die Niekamps Theatercompany hat mit ihrem Puppentheater alle Zuschauer begeistert.<\/p>\n<div><\/div>\n<p>Ein gro\u00dfer Dank geht auch an den Schulverein, der diese tolle Aktion unterst\u00fctzt hat.<\/p>\n<p>\u00a0<\/p>\n<p>\u00a0<\/p>\n\n\n\n<p><\/p>\n\n\n\n<p><\/p>\n","protected":false},"excerpt":{"rendered":"<p>Das erste Buch Im letzten Jahr durften die Kinder des jetzigen gr\u00fcnen Bildungshauses an der Erstellung des &#8222;ersten Buches&#8220; mitarbeiten und haben daf\u00fcr Bilder gemalt und Geschichten geschrieben. Zwei Geschichten und mehrere Bilder haben es in das Buch geschafft. Am Montag wurden die B\u00fccher den Kindern aus dem blauen Bildungshaus \u00fcberreicht und es wurde gemeinsam in den B\u00fcchern geschm\u00f6kert und<\/p>\n","protected":false},"author":3,"featured_media":0,"parent":0,"menu_order":0,"comment_status":"closed","ping_status":"closed","template":"","meta":{"footnotes":""},"class_list":["post-696","page","type-page","status-publish","hentry"],"_links":{"self":[{"href":"https:\/\/grundschule-neisseweg.de\/index.php?rest_route=\/wp\/v2\/pages\/696","targetHints":{"allow":["GET"]}}],"collection":[{"href":"https:\/\/grundschule-neisseweg.de\/index.php?rest_route=\/wp\/v2\/pages"}],"about":[{"href":"https:\/\/grundschule-neisseweg.de\/index.php?rest_route=\/wp\/v2\/types\/page"}],"author":[{"embeddable":true,"href":"https:\/\/grundschule-neisseweg.de\/index.php?rest_route=\/wp\/v2\/users\/3"}],"replies":[{"embeddable":true,"href":"https:\/\/grundschule-neisseweg.de\/index.php?rest_route=%2Fwp%2Fv2%2Fcomments&post=696"}],"version-history":[{"count":159,"href":"https:\/\/grundschule-neisseweg.de\/index.php?rest_route=\/wp\/v2\/pages\/696\/revisions"}],"predecessor-version":[{"id":4919,"href":"https:\/\/grundschule-neisseweg.de\/index.php?rest_route=\/wp\/v2\/pages\/696\/revisions\/4919"}],"wp:attachment":[{"href":"https:\/\/grundschule-neisseweg.de\/index.php?rest_route=%2Fwp%2Fv2%2Fmedia&parent=696"}],"curies":[{"name":"wp","href":"https:\/\/api.w.org\/{rel}","templated":true}]}}