{"id":73,"date":"2019-09-12T17:37:34","date_gmt":"2019-09-12T17:37:34","guid":{"rendered":"http:\/\/127.0.0.1\/nw\/?page_id=73"},"modified":"2025-05-19T12:48:17","modified_gmt":"2025-05-19T12:48:17","slug":"schulzeitung","status":"publish","type":"page","link":"https:\/\/grundschule-neisseweg.de\/?page_id=73","title":{"rendered":"AG Schulzeitung"},"content":{"rendered":"\n<p><img loading=\"lazy\" decoding=\"async\" class=\"aligncenter size-large wp-image-4452\" src=\"http:\/\/grundschule-neisseweg.de\/wp-content\/uploads\/2025\/05\/Foto-AG-1-1024x683.jpg\" alt=\"\" width=\"860\" height=\"574\" srcset=\"https:\/\/grundschule-neisseweg.de\/wp-content\/uploads\/2025\/05\/Foto-AG-1-1024x683.jpg 1024w, https:\/\/grundschule-neisseweg.de\/wp-content\/uploads\/2025\/05\/Foto-AG-1-300x200.jpg 300w, https:\/\/grundschule-neisseweg.de\/wp-content\/uploads\/2025\/05\/Foto-AG-1-768x512.jpg 768w, https:\/\/grundschule-neisseweg.de\/wp-content\/uploads\/2025\/05\/Foto-AG-1-1536x1024.jpg 1536w, https:\/\/grundschule-neisseweg.de\/wp-content\/uploads\/2025\/05\/Foto-AG-1-2048x1365.jpg 2048w, https:\/\/grundschule-neisseweg.de\/wp-content\/uploads\/2025\/05\/Foto-AG-1-90x60.jpg 90w\" sizes=\"auto, (max-width: 860px) 100vw, 860px\" \/><\/p>\n\n\n\n<div class=\"wp-block-columns has-2-columns is-layout-flex wp-container-core-columns-is-layout-9d6595d7 wp-block-columns-is-layout-flex\">\n<div class=\"wp-block-column is-layout-flow wp-block-column-is-layout-flow\">\n<p>Seit einigen Schuljahren besteht an der Grundschule eine Schulzeitungs AG. Geleitet wird sie von Frau Brummel. Aus dem Arbeitskreis Eltern &#8211; Lehrer, der seit einigen Jahren regelm\u00e4\u00dfig zusammenarbeitet, hat sich im Schuljahr 2009\/2010 eine Gruppe gebildet, die sich um die Schulzeitung k\u00fcmmert. Die Beitr\u00e4ge werden von den Kindern aus der Schulzeitungs-AG und den Sch\u00fclerinnen und Sch\u00fclern der einzelnen Klassen zusammengetragen. Die Schulzeitung erscheint einmal im Jahr zum Ende des Schuljahres.<\/p>\n<\/div>\n\n\n\n<div class=\"wp-block-column is-layout-flow wp-block-column-is-layout-flow\"><\/div>\n<\/div>\n","protected":false},"excerpt":{"rendered":"<p>Seit einigen Schuljahren besteht an der Grundschule eine Schulzeitungs AG. Geleitet wird sie von Frau Brummel. Aus dem Arbeitskreis Eltern &#8211; Lehrer, der seit einigen Jahren regelm\u00e4\u00dfig zusammenarbeitet, hat sich im Schuljahr 2009\/2010 eine Gruppe gebildet, die sich um die Schulzeitung k\u00fcmmert. Die Beitr\u00e4ge werden von den Kindern aus der Schulzeitungs-AG und den Sch\u00fclerinnen und Sch\u00fclern der einzelnen Klassen zusammengetragen.<\/p>\n","protected":false},"author":1,"featured_media":0,"parent":0,"menu_order":0,"comment_status":"closed","ping_status":"closed","template":"","meta":{"footnotes":""},"class_list":["post-73","page","type-page","status-publish","hentry"],"_links":{"self":[{"href":"https:\/\/grundschule-neisseweg.de\/index.php?rest_route=\/wp\/v2\/pages\/73","targetHints":{"allow":["GET"]}}],"collection":[{"href":"https:\/\/grundschule-neisseweg.de\/index.php?rest_route=\/wp\/v2\/pages"}],"about":[{"href":"https:\/\/grundschule-neisseweg.de\/index.php?rest_route=\/wp\/v2\/types\/page"}],"author":[{"embeddable":true,"href":"https:\/\/grundschule-neisseweg.de\/index.php?rest_route=\/wp\/v2\/users\/1"}],"replies":[{"embeddable":true,"href":"https:\/\/grundschule-neisseweg.de\/index.php?rest_route=%2Fwp%2Fv2%2Fcomments&post=73"}],"version-history":[{"count":7,"href":"https:\/\/grundschule-neisseweg.de\/index.php?rest_route=\/wp\/v2\/pages\/73\/revisions"}],"predecessor-version":[{"id":4464,"href":"https:\/\/grundschule-neisseweg.de\/index.php?rest_route=\/wp\/v2\/pages\/73\/revisions\/4464"}],"wp:attachment":[{"href":"https:\/\/grundschule-neisseweg.de\/index.php?rest_route=%2Fwp%2Fv2%2Fmedia&parent=73"}],"curies":[{"name":"wp","href":"https:\/\/api.w.org\/{rel}","templated":true}]}}