{"id":810,"date":"2019-12-04T15:38:43","date_gmt":"2019-12-04T15:38:43","guid":{"rendered":"http:\/\/grundschule-neisseweg.de\/?page_id=810"},"modified":"2023-02-20T10:45:44","modified_gmt":"2023-02-20T10:45:44","slug":"erfolgreich-lernen-lernen","status":"publish","type":"page","link":"https:\/\/grundschule-neisseweg.de\/?page_id=810","title":{"rendered":"Erfolgreich lernen lernen"},"content":{"rendered":"\n<p>Wir sind davon \u00fcberzeugt, dass alle Kinder sich neues Wissen aneignen und ihre F\u00e4higkeiten ausbauen m\u00f6chten. Dies gelingt<br \/>nur, wenn wir die unterschiedlichen Lernvoraussetzungen und Interessen jedes einzelnen Kindes ber\u00fccksichtigen. So ist die<br \/>individuelle Beobachtung, Begleitung und F\u00f6rderung jedes Kindes Grundlage f\u00fcr unser p\u00e4dagogisches Handeln.<\/p>\n<p>Dies erreichen wir durch<br \/>\u2022 unsere Lernm\u00e4use, die den Schulanf\u00e4nger*innen einen begleiteten und sicheren \u00dcbergang von der Kita in unsere<br \/>\u00a0 Schule erm\u00f6glichen<br \/>\u2022 differenzierten Unterricht<br \/>\u2022 individuelle und kooperative Lernphasen<br \/>\u2022 Arbeit in multiprofessionellen Teams, die<br \/>\u00a0 in- und au\u00dferhalb des Unterrichts einen ganzheitlichen Blick aufs Kind haben<\/p>\n<p><img loading=\"lazy\" decoding=\"async\" class=\"alignnone size-medium wp-image-821\" src=\"http:\/\/grundschule-neisseweg.de\/wp-content\/uploads\/2019\/12\/P1010121-300x200.jpg\" alt=\"\" width=\"300\" height=\"200\" srcset=\"https:\/\/grundschule-neisseweg.de\/wp-content\/uploads\/2019\/12\/P1010121-300x200.jpg 300w, https:\/\/grundschule-neisseweg.de\/wp-content\/uploads\/2019\/12\/P1010121-768x512.jpg 768w, https:\/\/grundschule-neisseweg.de\/wp-content\/uploads\/2019\/12\/P1010121-1024x683.jpg 1024w, https:\/\/grundschule-neisseweg.de\/wp-content\/uploads\/2019\/12\/P1010121-90x60.jpg 90w\" sizes=\"auto, (max-width: 300px) 100vw, 300px\" \/><\/p>\n\n\n\n<p>Mehr Informationen zur 1. Leitidee finden Sie hier: <a href=\"http:\/\/grundschule-neisseweg.de\/wp-content\/uploads\/2023\/02\/1.-Leitidee-2-23.docx\">1. Leitidee 2-23<\/a><\/p>\n","protected":false},"excerpt":{"rendered":"<p>Wir sind davon \u00fcberzeugt, dass alle Kinder sich neues Wissen aneignen und ihre F\u00e4higkeiten ausbauen m\u00f6chten. Dies gelingtnur, wenn wir die unterschiedlichen Lernvoraussetzungen und Interessen jedes einzelnen Kindes ber\u00fccksichtigen. So ist dieindividuelle Beobachtung, Begleitung und F\u00f6rderung jedes Kindes Grundlage f\u00fcr unser p\u00e4dagogisches Handeln. Dies erreichen wir durch\u2022 unsere Lernm\u00e4use, die den Schulanf\u00e4nger*innen einen begleiteten und sicheren \u00dcbergang von der Kita<\/p>\n","protected":false},"author":3,"featured_media":0,"parent":0,"menu_order":0,"comment_status":"closed","ping_status":"closed","template":"","meta":{"footnotes":""},"class_list":["post-810","page","type-page","status-publish","hentry"],"_links":{"self":[{"href":"https:\/\/grundschule-neisseweg.de\/index.php?rest_route=\/wp\/v2\/pages\/810","targetHints":{"allow":["GET"]}}],"collection":[{"href":"https:\/\/grundschule-neisseweg.de\/index.php?rest_route=\/wp\/v2\/pages"}],"about":[{"href":"https:\/\/grundschule-neisseweg.de\/index.php?rest_route=\/wp\/v2\/types\/page"}],"author":[{"embeddable":true,"href":"https:\/\/grundschule-neisseweg.de\/index.php?rest_route=\/wp\/v2\/users\/3"}],"replies":[{"embeddable":true,"href":"https:\/\/grundschule-neisseweg.de\/index.php?rest_route=%2Fwp%2Fv2%2Fcomments&post=810"}],"version-history":[{"count":9,"href":"https:\/\/grundschule-neisseweg.de\/index.php?rest_route=\/wp\/v2\/pages\/810\/revisions"}],"predecessor-version":[{"id":2901,"href":"https:\/\/grundschule-neisseweg.de\/index.php?rest_route=\/wp\/v2\/pages\/810\/revisions\/2901"}],"wp:attachment":[{"href":"https:\/\/grundschule-neisseweg.de\/index.php?rest_route=%2Fwp%2Fv2%2Fmedia&parent=810"}],"curies":[{"name":"wp","href":"https:\/\/api.w.org\/{rel}","templated":true}]}}