{"id":815,"date":"2019-12-04T15:39:47","date_gmt":"2019-12-04T15:39:47","guid":{"rendered":"http:\/\/grundschule-neisseweg.de\/?page_id=815"},"modified":"2023-02-20T10:47:19","modified_gmt":"2023-02-20T10:47:19","slug":"miteinander-eine-schule-gestalten","status":"publish","type":"page","link":"https:\/\/grundschule-neisseweg.de\/?page_id=815","title":{"rendered":"Miteinander eine Schule gestalten"},"content":{"rendered":"\n<p>Wir sind davon \u00fcberzeugt, dass alle Kinder gro\u00dfes Interesse an ihrem Schulleben haben.<br \/>Sie m\u00f6chten gerne Verantwortung f\u00fcr die Gestaltung ihres Schultages \u00fcbernehmen.<br \/>Kinder brauchen verl\u00e4ssliche Ansprechpartner*innen und Regeln, um Sicherheit und Orientierung im Schultag zu<br \/>erleben. Dies erreichen wir durch<br \/>\u2022 Klassenlehrer*in-Prinzip; in den Ganztagsklassen: Klassenleitungsteam-Prinzip<br \/>\u2022 Schulregeln und -Rituale, die gemeinsam einge\u00fcbt werden<br \/>\u2022 unser Sch\u00fclerparlament, das einmal im Monat stattfindet<br \/>\u2022 Klassenrat<\/p>\n<p><img loading=\"lazy\" decoding=\"async\" class=\"alignnone size-medium wp-image-722\" src=\"http:\/\/grundschule-neisseweg.de\/wp-content\/uploads\/2019\/11\/P1000385-300x200.jpg\" alt=\"\" width=\"300\" height=\"200\" srcset=\"https:\/\/grundschule-neisseweg.de\/wp-content\/uploads\/2019\/11\/P1000385-300x200.jpg 300w, https:\/\/grundschule-neisseweg.de\/wp-content\/uploads\/2019\/11\/P1000385-768x512.jpg 768w, https:\/\/grundschule-neisseweg.de\/wp-content\/uploads\/2019\/11\/P1000385-1024x683.jpg 1024w, https:\/\/grundschule-neisseweg.de\/wp-content\/uploads\/2019\/11\/P1000385-90x60.jpg 90w\" sizes=\"auto, (max-width: 300px) 100vw, 300px\" \/><\/p>\n\n\n\n<p>Mehr Informationen zur 2. Leitidee finden Sie hier: <a href=\"http:\/\/grundschule-neisseweg.de\/wp-content\/uploads\/2023\/02\/2.-Leitidee-2-23.docx\">2. Leitidee 2-23<\/a><\/p>\n","protected":false},"excerpt":{"rendered":"<p>Wir sind davon \u00fcberzeugt, dass alle Kinder gro\u00dfes Interesse an ihrem Schulleben haben.Sie m\u00f6chten gerne Verantwortung f\u00fcr die Gestaltung ihres Schultages \u00fcbernehmen.Kinder brauchen verl\u00e4ssliche Ansprechpartner*innen und Regeln, um Sicherheit und Orientierung im Schultag zuerleben. Dies erreichen wir durch\u2022 Klassenlehrer*in-Prinzip; in den Ganztagsklassen: Klassenleitungsteam-Prinzip\u2022 Schulregeln und -Rituale, die gemeinsam einge\u00fcbt werden\u2022 unser Sch\u00fclerparlament, das einmal im Monat stattfindet\u2022 Klassenrat Mehr Informationen<\/p>\n","protected":false},"author":3,"featured_media":0,"parent":0,"menu_order":0,"comment_status":"closed","ping_status":"closed","template":"","meta":{"footnotes":""},"class_list":["post-815","page","type-page","status-publish","hentry"],"_links":{"self":[{"href":"https:\/\/grundschule-neisseweg.de\/index.php?rest_route=\/wp\/v2\/pages\/815","targetHints":{"allow":["GET"]}}],"collection":[{"href":"https:\/\/grundschule-neisseweg.de\/index.php?rest_route=\/wp\/v2\/pages"}],"about":[{"href":"https:\/\/grundschule-neisseweg.de\/index.php?rest_route=\/wp\/v2\/types\/page"}],"author":[{"embeddable":true,"href":"https:\/\/grundschule-neisseweg.de\/index.php?rest_route=\/wp\/v2\/users\/3"}],"replies":[{"embeddable":true,"href":"https:\/\/grundschule-neisseweg.de\/index.php?rest_route=%2Fwp%2Fv2%2Fcomments&post=815"}],"version-history":[{"count":4,"href":"https:\/\/grundschule-neisseweg.de\/index.php?rest_route=\/wp\/v2\/pages\/815\/revisions"}],"predecessor-version":[{"id":2902,"href":"https:\/\/grundschule-neisseweg.de\/index.php?rest_route=\/wp\/v2\/pages\/815\/revisions\/2902"}],"wp:attachment":[{"href":"https:\/\/grundschule-neisseweg.de\/index.php?rest_route=%2Fwp%2Fv2%2Fmedia&parent=815"}],"curies":[{"name":"wp","href":"https:\/\/api.w.org\/{rel}","templated":true}]}}