{"id":949,"date":"2020-03-01T11:49:06","date_gmt":"2020-03-01T11:49:06","guid":{"rendered":"http:\/\/grundschule-neisseweg.de\/?page_id=949"},"modified":"2025-05-19T13:02:21","modified_gmt":"2025-05-19T13:02:21","slug":"schulsozialarbeit","status":"publish","type":"page","link":"https:\/\/grundschule-neisseweg.de\/?page_id=949","title":{"rendered":"Schulsozialarbeit"},"content":{"rendered":"\n<p><strong>Schulsozialarbeit an der Grundschule Nei\u00dfeweg<\/strong><\/p>\n\n\n\n<p>Das Angebot der Schulsozialarbeit ist fester Bestandteil unserer Schule. <\/p>\n\n\n\n<p>Die Schulsozialarbeit bietet Sch\u00fcler:innen, Eltern\/Erziehungsberechtigten,&nbsp;Mitarbeitenden des offenen Ganztags sowie Lehrkr\u00e4ften Beratung, Unterst\u00fctzung und Begleitung an.<\/p>\n\n\n\n<p>Schulsozialarbeit arbeitet ressourcen- und l\u00f6sungsorientiert. Sie ist freiwillig und vertraulich. Sie f\u00f6rdert Selbstwirksamkeit und erm\u00f6glicht entdeckendes Lernen. Methodisch werden Sch\u00fcler:innen in ihren Kompetenzen unter anderem durch Trainings- und Beratungsangebote unterst\u00fctzt.&nbsp;<\/p>\n\n\n\n<p><\/p>\n\n\n\n<p>Schulsozialarbeit f\u00f6rdert in Kooperation mit Schulleitungen, Lehrkr\u00e4ften, Beratungsstellen und weiteren Anbietern der Jugendhilfe im Sozialraum die Chancengleichheit, Integration und das gesunde Aufwachsen von Kindern und Jugendlichen in G\u00fctersloh.&nbsp;<\/p>\n\n\n\n<p>Sie ist Ansprechperson, Interessenvertretung und offenes Ohr f\u00fcr alle Kinder der Schule (z.B. bei Streitigkeiten, Schulfrust, Trauer, Angst, Ausgrenzung,\u2026). Dabei wirkt die Schulsozialarbeit vorbeugend als auch unterst\u00fctzend bei Problemlagen.&nbsp;<\/p>\n\n\n\n<p>Durch das zentrale B\u00fcro sind Frau Eickhoff und Frau Kaufmann bei Bedarf direkt f\u00fcr Kinder, Lehrkr\u00e4fte und Mitarbeiter:innen des offenen Ganztages erreichbar.<\/p>\n\n\n\n<p><\/p>\n\n\n\n<p>Aktuell bietet die Schulsozialarbeit folgende Angebote&nbsp;an:<\/p>\n\n\n\n<ul class=\"wp-block-list\"><li>Sozialkompetenztrainings im Klassenverband<\/li><li>Unterst\u00fctzung der Sch\u00fcler:innen bei der L\u00f6sung pers\u00f6nlicher, sozialer, schulischer und famili\u00e4rer Probleme<\/li><li>L\u00f6sungsfokussierte Beratungsgespr\u00e4che<\/li><li>Eltern- und Themencaf\u00e9s (Termine werden \u00fcber schoolfox bekannt gegeben)<\/li><li>Beratung und Unterst\u00fctzung der Eltern\/Erziehungsberechtigten(zB.&nbsp;bei Erziehungsfragen, Leistungen des Bildungs- und Teilhabepakets, Kontaktaufnahme zu Jugend\u00e4mtern und Beratungsstellen)<\/li><li>Kummerkasten f\u00fcr Sch\u00fcler:innen<\/li><li>Gespr\u00e4chsbegleitung f\u00fcr Lehrkr\u00e4fte, Eltern\/Erziehungsberechtigte sowie Mitarbeiter:innen des offenen Ganztags<\/li><li>Pausenangebote<\/li><li>Vernetzung im Sozialraum<\/li><li>Krisenintervention<\/li><\/ul>\n\n\n\n<p>Kontaktdaten:<\/p>\n\n\n\n<p><\/p>\n\n\n\n<p><strong>Marieke Eickhof<\/strong>f<\/p>\n\n\n\n<p>Marieke.eickhoff@nws-gt.schule<\/p>\n\n\n\n<p>Mobil: 0176-87950885<\/p>\n\n\n\n<p><strong>Julia Kaufmann<\/strong><\/p>\n\n\n\n<p>Julia.kaufmann@nws-gt.schule<\/p>\n\n\n\n<p>0155 60 54 79 23<\/p>\n\n\n\n<p><\/p>\n\n\n\n<p><\/p>\n\n\n\n<p><\/p>\n\n\n\n<p><\/p>\n\n\n\n<p><\/p>\n","protected":false},"excerpt":{"rendered":"<p>Schulsozialarbeit an der Grundschule Nei\u00dfeweg Das Angebot der Schulsozialarbeit ist fester Bestandteil unserer Schule. Die Schulsozialarbeit bietet Sch\u00fcler:innen, Eltern\/Erziehungsberechtigten,&nbsp;Mitarbeitenden des offenen Ganztags sowie Lehrkr\u00e4ften Beratung, Unterst\u00fctzung und Begleitung an. Schulsozialarbeit arbeitet ressourcen- und l\u00f6sungsorientiert. Sie ist freiwillig und vertraulich. Sie f\u00f6rdert Selbstwirksamkeit und erm\u00f6glicht entdeckendes Lernen. Methodisch werden Sch\u00fcler:innen in ihren Kompetenzen unter anderem durch Trainings- und Beratungsangebote unterst\u00fctzt.&nbsp; Schulsozialarbeit<\/p>\n","protected":false},"author":3,"featured_media":0,"parent":0,"menu_order":0,"comment_status":"closed","ping_status":"closed","template":"","meta":{"footnotes":""},"class_list":["post-949","page","type-page","status-publish","hentry"],"_links":{"self":[{"href":"https:\/\/grundschule-neisseweg.de\/index.php?rest_route=\/wp\/v2\/pages\/949","targetHints":{"allow":["GET"]}}],"collection":[{"href":"https:\/\/grundschule-neisseweg.de\/index.php?rest_route=\/wp\/v2\/pages"}],"about":[{"href":"https:\/\/grundschule-neisseweg.de\/index.php?rest_route=\/wp\/v2\/types\/page"}],"author":[{"embeddable":true,"href":"https:\/\/grundschule-neisseweg.de\/index.php?rest_route=\/wp\/v2\/users\/3"}],"replies":[{"embeddable":true,"href":"https:\/\/grundschule-neisseweg.de\/index.php?rest_route=%2Fwp%2Fv2%2Fcomments&post=949"}],"version-history":[{"count":28,"href":"https:\/\/grundschule-neisseweg.de\/index.php?rest_route=\/wp\/v2\/pages\/949\/revisions"}],"predecessor-version":[{"id":4470,"href":"https:\/\/grundschule-neisseweg.de\/index.php?rest_route=\/wp\/v2\/pages\/949\/revisions\/4470"}],"wp:attachment":[{"href":"https:\/\/grundschule-neisseweg.de\/index.php?rest_route=%2Fwp%2Fv2%2Fmedia&parent=949"}],"curies":[{"name":"wp","href":"https:\/\/api.w.org\/{rel}","templated":true}]}}