{"id":99,"date":"2019-09-14T19:07:23","date_gmt":"2019-09-14T19:07:23","guid":{"rendered":"http:\/\/127.0.0.1\/nw\/?page_id=99"},"modified":"2026-02-04T16:42:18","modified_gmt":"2026-02-04T16:42:18","slug":"schulverein","status":"publish","type":"page","link":"https:\/\/grundschule-neisseweg.de\/?page_id=99","title":{"rendered":"Schulverein"},"content":{"rendered":"\n<p>ielleicht haben Sie die Flyer des Schulvereins schon in der Pausenhalle gesehen und sich gefragt, was so ein Schulverein \u00fcberhaupt macht?<\/p>\n<p>Der Schulverein springt \u00fcberall dort ein, wo es im Schulalltag an tatkr\u00e4ftiger Unterst\u00fctzung oder finanziellen Mitteln fehlt. So unterst\u00fctzt der Schulverein gezielt Schulfeste und Projekte, schafft zus\u00e4tzliche Materialien f\u00fcr den Unterricht und die Pausenspiele der Kinder an oder beteiligt sich finanziell an Ausfl\u00fcgen und besonderen Veranstaltungen. So kommt jede Unterst\u00fctzung direkt den Sch\u00fclerinnen und Sch\u00fclern zugute. Hier einige Beispiele aus den letzten Schuljahren:<\/p>\n<p>&#8211;\u00a0\u00a0\u00a0\u00a0\u00a0\u00a0\u00a0\u00a0\u00a0\u00a0\u00a0\u00a0 Anschaffung einer Nestschaukel sowie eines Kletterfelsens auf dem Schulhof am Nei\u00dfeweg<\/p>\n<p>&#8211;\u00a0\u00a0\u00a0\u00a0\u00a0\u00a0\u00a0\u00a0\u00a0\u00a0\u00a0\u00a0 Anschaffung von B\u00fcchern f\u00fcr die Schulb\u00fccherei<\/p>\n<p>&#8211;\u00a0\u00a0\u00a0\u00a0\u00a0\u00a0\u00a0\u00a0\u00a0\u00a0\u00a0\u00a0 Finanzierung der ADAC-Fahrradpr\u00fcfung<\/p>\n<p>&#8211;\u00a0\u00a0\u00a0\u00a0\u00a0\u00a0\u00a0\u00a0\u00a0\u00a0\u00a0\u00a0 Unterst\u00fctzung des Projektes \u201eMein K\u00f6rper geh\u00f6rt mir\u201c<\/p>\n<p>&#8211;\u00a0\u00a0\u00a0\u00a0\u00a0\u00a0\u00a0\u00a0\u00a0\u00a0\u00a0\u00a0 Finanzielle Unterst\u00fctzung von Besuchen im Stadttheater bzw. von Theaterveranstaltungen in der Schule<\/p>\n<p>&#8211;\u00a0\u00a0\u00a0\u00a0\u00a0\u00a0\u00a0\u00a0\u00a0\u00a0\u00a0\u00a0 Finanzielle Unterst\u00fctzung des Lesefestes im M\u00e4rz 2025<\/p>\n<p>&#8211;\u00a0\u00a0\u00a0\u00a0\u00a0\u00a0\u00a0\u00a0\u00a0\u00a0\u00a0\u00a0 J\u00e4hrliche Nikolausaktion mit einem Beitrag f\u00fcr die Klassenkassen<\/p>\n<p>&#8211;\u00a0\u00a0\u00a0\u00a0\u00a0\u00a0\u00a0\u00a0\u00a0\u00a0\u00a0\u00a0 Eis f\u00fcr alle Sch\u00fclerinnen und Sch\u00fcler am letzten Schultag vor den Sommerferien<\/p>\n<p>Zudem organisiert der Schulverein seit vielen Jahren das beliebte <a href=\"https:\/\/grundschule-neisseweg.de\/?page_id=696#:~:text=IMG_1089-,Menschenkicker,-Am%20vergangenen%20Samstag\">Menschenkickerturnier<\/a>. Bei leckerem Kuchen, Waffeln und Getr\u00e4nken k\u00f6nnen hier die Kinder beim Spielen angefeuert werden. Erstmalig fand im Januar 2025 die <a href=\"https:\/\/grundschule-neisseweg.de\/?page_id=696#:~:text=DSC00916-,Winterdisco,-Zum%20zweiten%20Mal\">Winterdisco<\/a> statt, an der viele Kinder begeistert teilnahmen. Am Standort Austernbrede wurde die Mensa f\u00fcr einen Nachmittag mit toller Unterst\u00fctzung vieler helfender H\u00e4nde sowie eines tollen DJ\u2018s in eine Disco verwandelt.<\/p>\n<p>Neben der finanziellen Unterst\u00fctzung lebt der Schulverein vor allem von den helfenden H\u00e4nden der Mitglieder. Bei verschiedenen Veranstaltungen k\u00f6nnen Sie sich als Mitglied engagieren und helfen. Sei es mit einer Stunde Kuchenverkauf bei der Einschulungsfeier, als Losverk\u00e4uferin beim Menschenkicker-Turnier oder beim gemeinsamen Ideenentwickeln f\u00fcr neue Projekte. Mitglieder sind Eltern, Gro\u00dfeltern, Lehrerinnen, Lehrer und Ehrenamtliche unserer Schule.<\/p>\n<p>Um all diese Unterst\u00fctzung aufrecht erhalten zu k\u00f6nnen, brauchen wir Ihre Mithilfe! Werden Sie Mitglied im Schulverein und bringen sich mit ein. Jede helfende Hand leistet einen Beitrag, um unseren Kindern eine m\u00f6glichst sch\u00f6ne Schulzeit zu erm\u00f6glichen.<\/p>\n\n\t\t<style type=\"text\/css\">\n\t\t\t#gallery-1 {\n\t\t\t\tmargin: auto;\n\t\t\t}\n\t\t\t#gallery-1 .gallery-item {\n\t\t\t\tfloat: left;\n\t\t\t\tmargin-top: 10px;\n\t\t\t\ttext-align: center;\n\t\t\t\twidth: 33%;\n\t\t\t}\n\t\t\t#gallery-1 img {\n\t\t\t\tborder: 2px solid #cfcfcf;\n\t\t\t}\n\t\t\t#gallery-1 .gallery-caption {\n\t\t\t\tmargin-left: 0;\n\t\t\t}\n\t\t\t\/* see gallery_shortcode() in wp-includes\/media.php *\/\n\t\t<\/style>\n\t\t<div id='gallery-1' class='gallery galleryid-99 gallery-columns-3 gallery-size-thumbnail'><dl class='gallery-item'>\n\t\t\t<dt class='gallery-icon landscape'>\n\t\t\t\t<a href='https:\/\/grundschule-neisseweg.de\/?attachment_id=4671'><img loading=\"lazy\" decoding=\"async\" width=\"150\" height=\"101\" src=\"https:\/\/grundschule-neisseweg.de\/wp-content\/uploads\/2025\/11\/Beirat-und-Vorstand_bear.jpg\" class=\"attachment-thumbnail size-thumbnail\" alt=\"\" aria-describedby=\"gallery-1-4671\" \/><\/a>\n\t\t\t<\/dt>\n\t\t\t\t<dd class='wp-caption-text gallery-caption' id='gallery-1-4671'>\n\t\t\t\tBeirat und Vorstand\n\t\t\t\t<\/dd><\/dl><dl class='gallery-item'>\n\t\t\t<dt class='gallery-icon landscape'>\n\t\t\t\t<a href='https:\/\/grundschule-neisseweg.de\/?attachment_id=4670'><img loading=\"lazy\" decoding=\"async\" width=\"150\" height=\"120\" src=\"https:\/\/grundschule-neisseweg.de\/wp-content\/uploads\/2025\/11\/Vorstand_bear.jpg\" class=\"attachment-thumbnail size-thumbnail\" alt=\"\" aria-describedby=\"gallery-1-4670\" \/><\/a>\n\t\t\t<\/dt>\n\t\t\t\t<dd class='wp-caption-text gallery-caption' id='gallery-1-4670'>\n\t\t\t\tVorstand\n\t\t\t\t<\/dd><\/dl>\n\t\t\t<br style='clear: both' \/>\n\t\t<\/div>\n\n<p>\u00a0<\/p>\n<p>\u00a0<\/p>\n<p>\u00a0<\/p>\n<p>\u00a0<\/p>\n<p>Vorstand: Nicole M\u00f6hlenkamp, Claus Beckmann und Rosario Masso<\/p>\n<p>76 Mitglieder (Stand Mai 2025)<\/p>\n<p><a href=\"mailto:schulverein.gsneisseweg@t-online.de\">schulverein.gsneisseweg@t-online.de<\/a><\/p>\n\n\n\n\n\n\n\n\n\n<p><\/p>\n\n\n\n<p><\/p>\n\n\n\n<p><\/p>\n\n\n\n<p>&nbsp;<\/p>\n<p>&nbsp;<\/p>\n<p>&nbsp;<\/p>\n\n\n\n<p><\/p>\n\n\n\n<h1 style=\"text-align: center;\"><span style=\"background-color: #ffffff; color: #4584bf;\">Machen Sie Mit<\/span><\/h1>\n<h2 style=\"text-align: center;\"><a href=\"http:\/\/grundschule-neisseweg.de\/wp-content\/uploads\/2019\/11\/Flyer_mit_Logo_07102019.pdf\"><span style=\"color: #f67622;\">Hier geht es zur Anmeldung!<\/span><\/a><\/h2>\n\n\n\n<p><\/p>\n","protected":false},"excerpt":{"rendered":"<p>ielleicht haben Sie die Flyer des Schulvereins schon in der Pausenhalle gesehen und sich gefragt, was so ein Schulverein \u00fcberhaupt macht? Der Schulverein springt \u00fcberall dort ein, wo es im Schulalltag an tatkr\u00e4ftiger Unterst\u00fctzung oder finanziellen Mitteln fehlt. So unterst\u00fctzt der Schulverein gezielt Schulfeste und Projekte, schafft zus\u00e4tzliche Materialien f\u00fcr den Unterricht und die Pausenspiele der Kinder an oder beteiligt<\/p>\n","protected":false},"author":1,"featured_media":0,"parent":0,"menu_order":0,"comment_status":"closed","ping_status":"closed","template":"","meta":{"footnotes":""},"class_list":["post-99","page","type-page","status-publish","hentry"],"_links":{"self":[{"href":"https:\/\/grundschule-neisseweg.de\/index.php?rest_route=\/wp\/v2\/pages\/99","targetHints":{"allow":["GET"]}}],"collection":[{"href":"https:\/\/grundschule-neisseweg.de\/index.php?rest_route=\/wp\/v2\/pages"}],"about":[{"href":"https:\/\/grundschule-neisseweg.de\/index.php?rest_route=\/wp\/v2\/types\/page"}],"author":[{"embeddable":true,"href":"https:\/\/grundschule-neisseweg.de\/index.php?rest_route=\/wp\/v2\/users\/1"}],"replies":[{"embeddable":true,"href":"https:\/\/grundschule-neisseweg.de\/index.php?rest_route=%2Fwp%2Fv2%2Fcomments&post=99"}],"version-history":[{"count":35,"href":"https:\/\/grundschule-neisseweg.de\/index.php?rest_route=\/wp\/v2\/pages\/99\/revisions"}],"predecessor-version":[{"id":4845,"href":"https:\/\/grundschule-neisseweg.de\/index.php?rest_route=\/wp\/v2\/pages\/99\/revisions\/4845"}],"wp:attachment":[{"href":"https:\/\/grundschule-neisseweg.de\/index.php?rest_route=%2Fwp%2Fv2%2Fmedia&parent=99"}],"curies":[{"name":"wp","href":"https:\/\/api.w.org\/{rel}","templated":true}]}}